{"id":987,"date":"2015-10-12T18:07:49","date_gmt":"2015-10-12T16:07:49","guid":{"rendered":"https:\/\/www.hcgreier.at\/nachhilfe\/?page_id=987"},"modified":"2016-09-03T20:05:29","modified_gmt":"2016-09-03T18:05:29","slug":"unterrichts-materialien-und-techniken","status":"publish","type":"page","link":"https:\/\/www.hcgreier.at\/nachhilfe\/unterrichts-materialien-und-techniken\/","title":{"rendered":"Unterrichtsmaterialien und -techniken"},"content":{"rendered":"<p><a href=\"https:\/\/www.hcgreier.at\/nachhilfe\/wp-content\/uploads\/2015\/10\/GeoGebra.jpg\"><img loading=\"lazy\" decoding=\"async\" class=\"alignright wp-image-1017\" title=\"Interaktives Lernen mit GeoGebra\" src=\"https:\/\/www.hcgreier.at\/nachhilfe\/wp-content\/uploads\/2015\/10\/GeoGebra.jpg\" alt=\"GeoGebra\" width=\"450\" height=\"280\" \/><\/a>Entscheidend f\u00fcr eine fundierte Nachhilfe sind die verwendeten Unterrichts-Materialien und Hilfmittel, um den Stoff so zu vermitteln, dass der Sch\u00fcler die Beispiele auch nachvollziehen kann. Viele Lerninhalte k\u00f6nnen in der heutigen Zeit \u2013 gerade in Mathematik \u2013 durch den Computer sinnvoll unterst\u00fctzt werden.<\/p>\n<ul>\n<li>Ich vernetzte mich mit meinen Online-Sch\u00fclern zum gr\u00f6\u00dften Teil \u00fcber\u00a0\u21d2 <a href=\"http:\/\/www.skype.com\/de\/\" target=\"_blank\">Skype<\/a>, aber es sind auch Alternativen m\u00f6glich.<\/li>\n<li>Die Sch\u00fcler bzw. deren Eltern erhalten nach der Nachhilfestunde alle gerechneten Beispiele als PDF Datei zum Download. Diese Downloads finden sich auch sp\u00e4ter noch in Ihrem Cloud-Ordner, falls mal der eine oder andere Zettel verloren gegangen ist&#8230;.<\/li>\n<li><a href=\"https:\/\/www.hcgreier.at\/nachhilfe\/wp-content\/uploads\/2015\/10\/quadratische_funktionen.png\"><img loading=\"lazy\" decoding=\"async\" class=\"alignright wp-image-1459\" title=\"Quadratische Funktionen interaktiv\" src=\"https:\/\/www.hcgreier.at\/nachhilfe\/wp-content\/uploads\/2015\/10\/quadratische_funktionen.png\" alt=\"Quadratische Funktionen\" width=\"450\" height=\"374\" \/><\/a>Der Sch\u00fcler kann auf Wunsch auch (Haus\u00fcbungs-)Beispiele erhalten, was vor allem bei Schwierigkeiten in speziellen Teilgebieten sinnvoll sein kann. Diese Beispiele k\u00f6nnen bis zur n\u00e4chsten Nachhilfestunde vom Sch\u00fcler so gut es geht vorbereitet werden. In der n\u00e4chsten Stunde wird dann dieses konkrete Beispiel erkl\u00e4rt und gel\u00f6st.<\/li>\n<li>Auch interaktive Lernm\u00f6glichkeiten sind m\u00f6glich. Ich verwende dazu vor allem\u00a0\u21d2 <a href=\"https:\/\/www.geogebra.org\/\" target=\"_blank\">GeoGebra<\/a>, was an vielen Schulen im Fach Mathematik ebenfalls verwendet wird. Diese Software ist kostenlos und kann auf dem Computer des Sch\u00fclers installiert werden. GeoGebra kommt auch in meinen Online-Nachhilfestunden oftmals als Hilfsmittel zur Visualisierung von mathematischen Sachverhalten zum Einsatz. Wenn dem Sch\u00fcler auf seinem Computer das Programm <em>GeoGebra<\/em> bereits zur Verf\u00fcgung steht, kann er diese Dateien starten und selbst interaktiv den dargestellten Sachverhalt studieren. Wenn ich spezielle GeoGebra Dateien f\u00fcr den Sch\u00fcler zus\u00e4tzlich erstellen soll, kontaktieren Sie mich bitte per \u2192 <a href=\"mailto:office@hcgreier.at\">Email<\/a>.<\/li>\n<\/ul>\n<h3><i class=\"fa fa-cloud fa-3x\" style=\"color: #933;\"><\/i> Cloud-Login<\/h3>\n<p><a href=\"http:\/\/www.hcgreier.at\/hcgreiercloud\/\" target=\"_blank\"><img loading=\"lazy\" decoding=\"async\" class=\"alignright wp-image-2093 size-full\" title=\"Cloud Ordner\" src=\"https:\/\/www.hcgreier.at\/nachhilfe\/wp-content\/uploads\/2015\/10\/eigener_cloud_ordner_01.png\" alt=\"Cloud Ordner\" width=\"170\" height=\"155\" \/><\/a>Jeder angemeldete Sch\u00fcler erh\u00e4lt einen eigenen Bereich in <a href=\"http:\/\/www.hcgreier.at\/hcgreiercloud\/\" target=\"_blank\">meiner Cloud<\/a>. Die Cloud liegt auf meinem eigenen Server und nicht bei einem Drittanbieter. Dort findet man besprochene Beispiele und die Mitschriften der Online-Sitzungen als PDF-Dateien wieder, nach Datum geordnet. Auch wenn der Sch\u00fcler einmal ein Skript verlegt oder nicht mehr findet kann hat er so alle Daten immer zur Verf\u00fcgung.<\/p>\n<h3>Qualit\u00e4t der Unterrichtsmaterialien<\/h3>\n<p>Der Sch\u00fcler bzw. die Eltern erhalten auf Wunsch nach der Nachhilfestunde die besprochenen Beispiele im Format PDF (Druckqualit\u00e4t) als Email zugesendet. Diese Dateien sind nicht handschriftlich, sondern am Computer erstellt.<\/p>\n<h4>Beispielbl\u00e4tter<\/h4>\n<table>\n<tbody>\n<tr>\n<td style=\"text-align: center;\"><a href=\"https:\/\/www.hcgreier.at\/nachhilfe\/wp-content\/uploads\/2015\/10\/pdf_quality_1.jpg\"><img loading=\"lazy\" decoding=\"async\" class=\"wp-image-1063\" title=\"Beispiel PDF Unterrichtsblatt Mathematik\" src=\"https:\/\/www.hcgreier.at\/nachhilfe\/wp-content\/uploads\/2015\/10\/pdf_quality_1.jpg\" alt=\"Beispielblatt Mathematik\" width=\"350\" height=\"496\" srcset=\"https:\/\/www.hcgreier.at\/nachhilfe\/wp-content\/uploads\/2015\/10\/pdf_quality_1.jpg 738w, https:\/\/www.hcgreier.at\/nachhilfe\/wp-content\/uploads\/2015\/10\/pdf_quality_1-212x300.jpg 212w\" sizes=\"(max-width: 350px) 100vw, 350px\" \/><\/a><\/td>\n<td style=\"text-align: center;\"><a href=\"https:\/\/www.hcgreier.at\/nachhilfe\/wp-content\/uploads\/2015\/10\/pdf_quality_2.jpg\"><img loading=\"lazy\" decoding=\"async\" class=\"wp-image-1064\" title=\"Beispiel PDF Unterrichtsblatt Physik\" src=\"https:\/\/www.hcgreier.at\/nachhilfe\/wp-content\/uploads\/2015\/10\/pdf_quality_2.jpg\" alt=\"Beispielblatt Physik\" width=\"350\" height=\"496\" srcset=\"https:\/\/www.hcgreier.at\/nachhilfe\/wp-content\/uploads\/2015\/10\/pdf_quality_2.jpg 738w, https:\/\/www.hcgreier.at\/nachhilfe\/wp-content\/uploads\/2015\/10\/pdf_quality_2-212x300.jpg 212w\" sizes=\"(max-width: 350px) 100vw, 350px\" \/><\/a><\/td>\n<\/tr>\n<tr>\n<td style=\"text-align: center;\"><a href=\"https:\/\/www.hcgreier.at\/nachhilfe\/wp-content\/uploads\/2016\/09\/Beispielblatt-Mechanik-1-1.jpg\"><img loading=\"lazy\" decoding=\"async\" class=\"wp-image-2031\" title=\"Beispielblatt Mechanik\" src=\"https:\/\/www.hcgreier.at\/nachhilfe\/wp-content\/uploads\/2016\/09\/Beispielblatt-Mechanik-1-1.jpg\" alt=\"Beispielblatt Mechanik\" width=\"350\" height=\"496\" srcset=\"https:\/\/www.hcgreier.at\/nachhilfe\/wp-content\/uploads\/2016\/09\/Beispielblatt-Mechanik-1-1.jpg 738w, https:\/\/www.hcgreier.at\/nachhilfe\/wp-content\/uploads\/2016\/09\/Beispielblatt-Mechanik-1-1-212x300.jpg 212w\" sizes=\"(max-width: 350px) 100vw, 350px\" \/><\/a><\/td>\n<td style=\"text-align: center;\"><a href=\"https:\/\/www.hcgreier.at\/nachhilfe\/wp-content\/uploads\/2016\/09\/Beispielblatt-Formelsammlung.jpg\"><img loading=\"lazy\" decoding=\"async\" class=\"wp-image-2032\" title=\"Beispielblatt Formelsammlung\" src=\"https:\/\/www.hcgreier.at\/nachhilfe\/wp-content\/uploads\/2016\/09\/Beispielblatt-Formelsammlung.jpg\" alt=\"Beispielblatt Formelsammlung\" width=\"350\" height=\"496\" srcset=\"https:\/\/www.hcgreier.at\/nachhilfe\/wp-content\/uploads\/2016\/09\/Beispielblatt-Formelsammlung.jpg 738w, https:\/\/www.hcgreier.at\/nachhilfe\/wp-content\/uploads\/2016\/09\/Beispielblatt-Formelsammlung-212x300.jpg 212w\" sizes=\"(max-width: 350px) 100vw, 350px\" \/><\/a><\/td>\n<\/tr>\n<\/tbody>\n<\/table>\n","protected":false},"excerpt":{"rendered":"<p>Entscheidend f\u00fcr eine fundierte Nachhilfe sind die verwendeten Unterrichts-Materialien und Hilfmittel, um den Stoff so zu vermitteln, dass der Sch\u00fcler die Beispiele auch nachvollziehen kann. Viele Lerninhalte k\u00f6nnen in der heutigen Zeit \u2013 gerade in Mathematik \u2013 durch den Computer&hellip;<\/p>\n<p class=\"more-link-p\"><a class=\"more-link\" href=\"https:\/\/www.hcgreier.at\/nachhilfe\/unterrichts-materialien-und-techniken\/\">Read more &rarr;<\/a><\/p>\n","protected":false},"author":1,"featured_media":0,"parent":0,"menu_order":0,"comment_status":"closed","ping_status":"closed","template":"","meta":{"footnotes":""},"_links":{"self":[{"href":"https:\/\/www.hcgreier.at\/nachhilfe\/wp-json\/wp\/v2\/pages\/987"}],"collection":[{"href":"https:\/\/www.hcgreier.at\/nachhilfe\/wp-json\/wp\/v2\/pages"}],"about":[{"href":"https:\/\/www.hcgreier.at\/nachhilfe\/wp-json\/wp\/v2\/types\/page"}],"author":[{"embeddable":true,"href":"https:\/\/www.hcgreier.at\/nachhilfe\/wp-json\/wp\/v2\/users\/1"}],"replies":[{"embeddable":true,"href":"https:\/\/www.hcgreier.at\/nachhilfe\/wp-json\/wp\/v2\/comments?post=987"}],"version-history":[{"count":0,"href":"https:\/\/www.hcgreier.at\/nachhilfe\/wp-json\/wp\/v2\/pages\/987\/revisions"}],"wp:attachment":[{"href":"https:\/\/www.hcgreier.at\/nachhilfe\/wp-json\/wp\/v2\/media?parent=987"}],"curies":[{"name":"wp","href":"https:\/\/api.w.org\/{rel}","templated":true}]}}