{"id":3051,"date":"2017-10-26T04:24:22","date_gmt":"2017-10-26T02:24:22","guid":{"rendered":"https:\/\/www.hcgreier.at\/nachhilfe\/?page_id=3051"},"modified":"2017-10-27T14:17:05","modified_gmt":"2017-10-27T12:17:05","slug":"taschenrechner-training","status":"publish","type":"page","link":"https:\/\/www.hcgreier.at\/nachhilfe\/taschenrechner-training\/","title":{"rendered":"Taschenrechner-Training"},"content":{"rendered":"<p><a href=\"https:\/\/www.hcgreier.at\/nachhilfe\/wp-content\/uploads\/2017\/10\/tr.png\"><img loading=\"lazy\" decoding=\"async\" class=\"alignright size-medium wp-image-3061\" src=\"https:\/\/www.hcgreier.at\/nachhilfe\/wp-content\/uploads\/2017\/10\/tr-279x300.png\" alt=\"Wissenschaftliche Taschenrechner\" width=\"279\" height=\"300\" srcset=\"https:\/\/www.hcgreier.at\/nachhilfe\/wp-content\/uploads\/2017\/10\/tr-279x300.png 279w, https:\/\/www.hcgreier.at\/nachhilfe\/wp-content\/uploads\/2017\/10\/tr.png 325w\" sizes=\"(max-width: 279px) 100vw, 279px\" \/><\/a>Im Zuge einer erfolgreichen Nachhilfe biete ich auch ein &#8222;<strong>Taschenrechner-Training<\/strong>&#8220; f\u00fcr die jeweilige Schulstufe an.<\/p>\n<p>Die Erfahrung zeigt, dass sich viele Sch\u00fcler zu sehr auf den Taschenrechner (TR) verlassen. Die heutigen TR k\u00f6nnen sehr viel, aber eben nicht alles. Vor allem muss man wissen, <strong>was<\/strong> man <strong>wie<\/strong> in den TR eingibt.<\/p>\n<h2>One size fits all?<\/h2>\n<p>Oft wird auch klassenweit ein bestimmtes TR-Modell gefordert, sodass alle Sch\u00fcler denselben TR verwenden <em>m\u00fcssen<\/em>. Die Sinnhaftigkeit dieser Ma\u00dfnahme l\u00e4sst sich wohl nur mit einem Argument begr\u00fcnden: Der Lehrer tut sich leichter!<br \/>\nSinnvoll ist das aber nur dann, wenn im Unterricht auch gezeigt wird, wie man mit <em>diesem<\/em> TR-Modell umzugehen hat. Und das ist nicht immer der Fall oder wird schlecht behandelt.<\/p>\n<p>Fakt ist: <strong>Der Sch\u00fcler sollte es sein, der sich leichter tut!<\/strong> Die wissenschaftlichen TR der heutigen Generation sind f\u00fcr die Oberstufe und auch f\u00fcr die Uni mehr als ausreichend, es gibt mittlerweile auch Taschenrechner mit CAS (Computer Algebra System), d.h. diese k\u00f6nnen auch mit allgemeinen Variablen rechen und nicht nur mit Zahlen-Eingaben. Der Sch\u00fcler wird manchmal durch diesen Funktionsumfang des Ger\u00e4ts f\u00f6rmlich &#8222;erschlagen&#8220;, um es drastisch zu formulieren. Der Taschenrechner ist ein tolles Hilfsmittel im Mathematikunterricht, wenn man einmal das &#8222;h\u00e4ndische Rechnen&#8220; hinter sich gebracht hat.<\/p>\n<h2>Der Taschenrechner schreibt keine Schularbeiten<\/h2>\n<blockquote><p>Ich gehe mit dem Sch\u00fcler speziell auf <strong>seinen<\/strong> im Unterricht verwendeten TR ein und versuche, Unklarheiten in der Handhabung zu besprechen und zu bereinigen. Oft geschieht das anhand von konkreten Beispielen.<\/p><\/blockquote>\n<p>Die h\u00e4ufigsten Fehler bzw. Missverst\u00e4ndnisse sind:<\/p>\n<ul>\n<li>Richtiges Runden von Ergebnissen (oftmals nicht nur ein Problem mit dem TR&#8230;)<\/li>\n<li>Richtige Verwendung der Klammersetzung<\/li>\n<li>Richtige Verwendung des DEG-RAD-GRAD Modus<\/li>\n<li>Richtiger Umgang bei wissenschaftlicher Notation von Werten (z.B. \\(2,371\\cdot 10^{-7}\\))<\/li>\n<li>Berechnete Werte zwischenspeichern und wiederverwenden<\/li>\n<li>Richtige Anwendung von Standardfunktionen und deren Umkehrfunktionen<\/li>\n<li>Richtiges Anwenden der grafischen Darstellung (wenn vorhanden)<\/li>\n<\/ul>\n<p><a href=\"https:\/\/www.hcgreier.at\/nachhilfe\/wp-content\/uploads\/2017\/10\/sinn_des_universums.jpg\"><img loading=\"lazy\" decoding=\"async\" class=\"alignright size-medium wp-image-3078\" src=\"https:\/\/www.hcgreier.at\/nachhilfe\/wp-content\/uploads\/2017\/10\/sinn_des_universums-300x300.jpg\" alt=\"Sinn des Universums\" width=\"300\" height=\"300\" srcset=\"https:\/\/www.hcgreier.at\/nachhilfe\/wp-content\/uploads\/2017\/10\/sinn_des_universums-300x300.jpg 300w, https:\/\/www.hcgreier.at\/nachhilfe\/wp-content\/uploads\/2017\/10\/sinn_des_universums-150x150.jpg 150w, https:\/\/www.hcgreier.at\/nachhilfe\/wp-content\/uploads\/2017\/10\/sinn_des_universums.jpg 750w\" sizes=\"(max-width: 300px) 100vw, 300px\" \/><\/a>Nicht selten ist so eine Schuarbeit &#8222;verhaut&#8220; worden: Man hat im Prinzip richtig angeschrieben und gerechnet, beim Ausrechnen konkreter Werte mit dem TR aber den entscheidenden Fehler gemacht. Wird dann mit den falschen Werten weitergerechnet, zieht sich der Fehler durch das gesamte Beispiel, und die Punkte sind futsch&#8230;<\/p>\n<h2>Der Taschenrechner ist dein Freund!<\/h2>\n<p>Lerne deinen Taschenrechner kennen! Er spuckt nur das aus, was man ihm sagt. Selbst denken kann die Maschine nicht. Wenn man seine Eigenheiten kennt, wird er vom technologischen Schreckgespenst zu einem Freund, der einem bis zur Matura &#8211; und dar\u00fcber hinaus &#8211; zur Seite steht!<\/p>\n","protected":false},"excerpt":{"rendered":"<p>Im Zuge einer erfolgreichen Nachhilfe biete ich auch ein &#8222;Taschenrechner-Training&#8220; f\u00fcr die jeweilige Schulstufe an. Die Erfahrung zeigt, dass sich viele Sch\u00fcler zu sehr auf den Taschenrechner (TR) verlassen. Die heutigen TR k\u00f6nnen sehr viel, aber eben nicht alles. Vor&hellip;<\/p>\n<p class=\"more-link-p\"><a class=\"more-link\" href=\"https:\/\/www.hcgreier.at\/nachhilfe\/taschenrechner-training\/\">Read more &rarr;<\/a><\/p>\n","protected":false},"author":1,"featured_media":0,"parent":0,"menu_order":0,"comment_status":"closed","ping_status":"closed","template":"","meta":{"footnotes":""},"_links":{"self":[{"href":"https:\/\/www.hcgreier.at\/nachhilfe\/wp-json\/wp\/v2\/pages\/3051"}],"collection":[{"href":"https:\/\/www.hcgreier.at\/nachhilfe\/wp-json\/wp\/v2\/pages"}],"about":[{"href":"https:\/\/www.hcgreier.at\/nachhilfe\/wp-json\/wp\/v2\/types\/page"}],"author":[{"embeddable":true,"href":"https:\/\/www.hcgreier.at\/nachhilfe\/wp-json\/wp\/v2\/users\/1"}],"replies":[{"embeddable":true,"href":"https:\/\/www.hcgreier.at\/nachhilfe\/wp-json\/wp\/v2\/comments?post=3051"}],"version-history":[{"count":0,"href":"https:\/\/www.hcgreier.at\/nachhilfe\/wp-json\/wp\/v2\/pages\/3051\/revisions"}],"wp:attachment":[{"href":"https:\/\/www.hcgreier.at\/nachhilfe\/wp-json\/wp\/v2\/media?parent=3051"}],"curies":[{"name":"wp","href":"https:\/\/api.w.org\/{rel}","templated":true}]}}