{"id":2589,"date":"2016-12-13T18:24:09","date_gmt":"2016-12-13T17:24:09","guid":{"rendered":"https:\/\/www.hcgreier.at\/nachhilfe\/?page_id=2589"},"modified":"2016-12-13T19:25:22","modified_gmt":"2016-12-13T18:25:22","slug":"lineare-gleichungen-mit-einer-unbekannten","status":"publish","type":"page","link":"https:\/\/www.hcgreier.at\/nachhilfe\/lineare-gleichungen-mit-einer-unbekannten\/","title":{"rendered":"Lineare Gleichungen mit einer Unbekannten &#8211; Beispiele"},"content":{"rendered":"<p>Sehr h\u00e4ufig kommen in der Unterstufe Gleichungen mit einer Unbekannten vor.<br \/>\nDie folgenden Beispiele enthalten die Unbekannten Variablen nur in der 1. Potenz, sie sind also <strong>linear<\/strong>. D.h., es kommt kein \\(x^2,\\;x^3\\) usw. in der Gleichung vor, sondern nur \\(x\\).<\/p>\n<div class=\"beispiel\">Beispiel 1<\/div>\n<div class=\"bsp_angabe\">\n<p>\\(\\displaystyle x+\\frac{{3x-9}}{5}=4-\\frac{{5x-12}}{3}\\)<\/p>\n<p>\\(x=?\\)<\/p>\n<\/div>\n<div class=\"sp-wrap sp-wrap-default\">\n<div class=\"sp-head\" title=\"Erweitern\">\nL\u00f6sung\n<\/div>\n<div class=\"sp-body folded\">\n<p>In dieser Gleichung treten Br\u00fcche auf. Um diese loszuwerden, kann man mit dem Nenner multiplizieren. Zu beachten ist, dass <strong>alle Terme<\/strong> der Gleichung korrekt multipliziert werden!<\/p>\n<p>Wir multiplizieren mit dem Nenner 5 und danach noch mit dem Nenner 3:<\/p>\n<p>\\(\\displaystyle x+\\frac{{3x-9}}{5}=4-\\frac{{5x-12}}{3}\\quad \\quad |\\cdot 5\\)<\/p>\n<p>\\(\\displaystyle 5x+\\left( {3x-9} \\right)=20-\\frac{{5\\cdot \\left( {5x-12} \\right)}}{3}\\quad \\quad |\\cdot 3\\)<\/p>\n<p>\\(\\displaystyle 15x+3\\cdot \\left( {3x-9} \\right)=60-5\\cdot \\left( {5x-12} \\right)\\)<\/p>\n<p>Nun hat man keine Br\u00fcche mehr. Die Klammern werden aufgel\u00f6st, wobei die Minuszeichen vor Klammern zu beachten sind (Minusklammer):<\/p>\n<p>\\(\\displaystyle 15x+9x-27=60-\\left( {25x-60} \\right)\\)<\/p>\n<p>Alle Terme mit einem \\(x\\) sowie alle Zahlen werden zusammengefasst.<\/p>\n<p>\\(\\displaystyle 24x-27=60-25x+60\\)<\/p>\n<p>\\(\\displaystyle 24x-27=-25x+120\\quad \\quad |+27\\)<\/p>\n<p>\\(\\displaystyle 24x=-25x+147\\quad \\quad |+25x\\)<\/p>\n<p>\\(\\displaystyle 49x=147\\quad \\quad |:49\\)<\/p>\n<p>\\(\\displaystyle x=3\\)<\/p>\n<p>L\u00f6sungsmenge: \\(\\displaystyle L=\\left\\{ 3 \\right\\}\\)<\/p>\n<p>Probe:<\/p>\n<p>\\(\\displaystyle \\begin{align}{}3+\\frac{{3\\cdot 3-9}}{5}&amp;= 4-\\frac{{5\\cdot 3-12}}{3} \\\\ 3+\\frac{0}{9}&amp;=4-\\frac{{15-12}}{3} \\\\ 3&amp;=4-\\frac{3}{3} \\\\ 3&amp;=4-1 \\\\ 3&amp;=3\\end{align}\\)<\/p>\n<div class=\"spdiv\">[Einklappen]<\/div>\n<\/div>\n<\/div>\n<div class=\"beispiel\">Beispiel 2<\/div>\n<div class=\"bsp_angabe\">\n<p>\\(\\displaystyle 5-\\frac{{3+3x}}{2}=x+\\frac{{5x-2}}{3}\\)<\/p>\n<p>\\(x=?\\)<\/p>\n<\/div>\n<div class=\"sp-wrap sp-wrap-default\">\n<div class=\"sp-head\" title=\"Erweitern\">\nL\u00f6sung\n<\/div>\n<div class=\"sp-body folded\">\n<p>In dieser Gleichung treten Br\u00fcche auf. Um diese loszuwerden, kann man mit dem Nenner multiplizieren. Zu beachten ist, dass <strong>alle Terme<\/strong> der Gleichung korrekt multipliziert werden!<\/p>\n<p>Wir multiplizieren mit dem Nenner 2 und danach noch mit dem Nenner 3:<\/p>\n<p>\\(\\displaystyle 5-\\frac{{3+3x}}{2}=x+\\frac{{5x-2}}{3}\\quad \\quad |\\cdot 2\\)<\/p>\n<p>\\(\\displaystyle 10-\\left( {3+3x} \\right)=2x+\\frac{{2\\cdot \\left( {5x-2} \\right)}}{3}\\quad \\quad |\\cdot 3\\)<\/p>\n<p>\\(\\displaystyle 30-3\\cdot \\left( {3+3x} \\right)=6x+2\\cdot \\left( {5x-2} \\right)\\)<\/p>\n<p>Nun hat man keine Br\u00fcche mehr. Die Klammern werden aufgel\u00f6st, wobei die Minuszeichen vor Klammern zu beachten sind (Minusklammer):<\/p>\n<p>\\(\\displaystyle 30-\\left( {9+9x} \\right)=6x+10x-4\\)<\/p>\n<p>\\(\\displaystyle 30-9-9x=16x-4\\)<\/p>\n<p>\\(\\displaystyle 21-9x=16x-4\\quad \\quad |+4\\)<\/p>\n<p>\\(\\displaystyle 25-9x=16x\\quad \\quad |+9x\\)<\/p>\n<p>\\(\\displaystyle 25=25x\\quad \\quad |:25\\)<\/p>\n<p>\\(\\displaystyle 1=x\\)<\/p>\n<p>\\(\\displaystyle x=1\\)<\/p>\n<p>L\u00f6sungsmenge: \\(\\displaystyle L=\\left\\{ 1 \\right\\}\\)<\/p>\n<p>Probe:<\/p>\n<p>\\(\\displaystyle \\begin{align}{}5-\\frac{{3+3\\cdot 1}}{2}&amp;=1+\\frac{{5\\cdot 1-2}}{3}\\\\5-\\frac{{3+3}}{2}&amp;=1+\\frac{{5-2}}{3}\\\\5-\\frac{6}{2}&amp;=1+\\frac{3}{3}\\\\5-3&amp;=1+1\\\\2&amp;=2\\end{align}\\)<\/p>\n<div class=\"spdiv\">[Einklappen]<\/div>\n<\/div>\n<\/div>\n<div class=\"beispiel\">Beispiel 3<\/div>\n<div class=\"bsp_angabe\">\n<p>\\(\\displaystyle \\frac{{3k-5}}{3}-\\frac{{8+3k}}{6}=2-\\frac{{7-3k}}{2}\\)<\/p>\n<p>\\(k=?\\)<\/p>\n<\/div>\n<div class=\"sp-wrap sp-wrap-default\">\n<div class=\"sp-head\" title=\"Erweitern\">\nL\u00f6sung\n<\/div>\n<div class=\"sp-body folded\">\n<p>In dieser Gleichung treten drei Br\u00fcche auf. Hier k\u00f6nnte man versuchen, alle Terme auf den gemeinsamen Nenner von 6 zu bringen. Die Z\u00e4hler werden mit den entsprechenden Faktoren erweitert.<\/p>\n<p>\\(\\displaystyle \\frac{{2\\cdot \\left( {3k-5} \\right)}}{6}-\\frac{{8+3k}}{6}=\\frac{{6\\cdot 2}}{6}-\\frac{{3\\cdot \\left( {7-3k} \\right)}}{6}\\quad \\quad |\\cdot 6\\)<\/p>\n<p>Nach Multiplikation mit 6 f\u00e4llt \u00fcberall der Nenner weg und man erh\u00e4lt<\/p>\n<p>\\(\\displaystyle 2\\cdot \\left( {3k-5} \\right)-\\left( {8+3k} \\right)=12-3\\cdot \\left( {7-3k} \\right)\\)<\/p>\n<p>Zu beachten sind jetzt noch die Minusklammern:<\/p>\n<p>\\(\\displaystyle 6k-10-8-3k=12-\\left( {21-9k} \\right)\\)<\/p>\n<p>\\(\\displaystyle 3k-18=12-21+9k\\)<\/p>\n<p>\\(\\displaystyle 3k-18=9k-9\\quad \\quad |+9\\)<\/p>\n<p>\\(\\displaystyle 3k-9=9k\\quad \\quad |-3k\\)<\/p>\n<p>\\(\\displaystyle -9=6k\\quad \\quad |:6\\)<\/p>\n<p>\\(\\displaystyle -\\frac{9}{6}=k\\)<\/p>\n<p>Es kann noch durch 3 gek\u00fcrzt werden:<\/p>\n<p>\\(\\displaystyle k=-\\frac{3}{2}\\)<\/p>\n<p>L\u00f6sungsmenge: \\(\\displaystyle L=\\left\\{ {-\\frac{3}{2}} \\right\\}\\)<\/p>\n<div class=\"spdiv\">[Einklappen]<\/div>\n<\/div>\n<\/div>\n","protected":false},"excerpt":{"rendered":"<p>Sehr h\u00e4ufig kommen in der Unterstufe Gleichungen mit einer Unbekannten vor. Die folgenden Beispiele enthalten die Unbekannten Variablen nur in der 1. Potenz, sie sind also linear. D.h., es kommt kein \\(x^2,\\;x^3\\) usw. in der Gleichung vor, sondern nur \\(x\\).&hellip;<\/p>\n<p class=\"more-link-p\"><a class=\"more-link\" href=\"https:\/\/www.hcgreier.at\/nachhilfe\/lineare-gleichungen-mit-einer-unbekannten\/\">Read more &rarr;<\/a><\/p>\n","protected":false},"author":1,"featured_media":0,"parent":0,"menu_order":0,"comment_status":"closed","ping_status":"closed","template":"","meta":{"footnotes":""},"_links":{"self":[{"href":"https:\/\/www.hcgreier.at\/nachhilfe\/wp-json\/wp\/v2\/pages\/2589"}],"collection":[{"href":"https:\/\/www.hcgreier.at\/nachhilfe\/wp-json\/wp\/v2\/pages"}],"about":[{"href":"https:\/\/www.hcgreier.at\/nachhilfe\/wp-json\/wp\/v2\/types\/page"}],"author":[{"embeddable":true,"href":"https:\/\/www.hcgreier.at\/nachhilfe\/wp-json\/wp\/v2\/users\/1"}],"replies":[{"embeddable":true,"href":"https:\/\/www.hcgreier.at\/nachhilfe\/wp-json\/wp\/v2\/comments?post=2589"}],"version-history":[{"count":0,"href":"https:\/\/www.hcgreier.at\/nachhilfe\/wp-json\/wp\/v2\/pages\/2589\/revisions"}],"wp:attachment":[{"href":"https:\/\/www.hcgreier.at\/nachhilfe\/wp-json\/wp\/v2\/media?parent=2589"}],"curies":[{"name":"wp","href":"https:\/\/api.w.org\/{rel}","templated":true}]}}