{"id":2473,"date":"2016-11-08T16:47:32","date_gmt":"2016-11-08T15:47:32","guid":{"rendered":"https:\/\/www.hcgreier.at\/nachhilfe\/?page_id=2473"},"modified":"2016-11-08T19:13:54","modified_gmt":"2016-11-08T18:13:54","slug":"1-summensatz-fuer-sinus-beweis","status":"publish","type":"page","link":"https:\/\/www.hcgreier.at\/nachhilfe\/1-summensatz-fuer-sinus-beweis\/","title":{"rendered":"1. Summensatz f\u00fcr Sinus &#8211; Beweis"},"content":{"rendered":"<p>Die einfachen Zusammenh\u00e4nge f\u00fcr Sinus\/Cosinus sollten f\u00fcr den nachstehenden Beweis bekannt sein:<\/p>\n<p>\\(\\displaystyle \\sin \\alpha =\\frac{{Gegenkathete}}{{Hypotenuse}}=\\frac{{GK}}{{HYP}}\\)<\/p>\n<p>\\(\\displaystyle \\cos \\alpha =\\frac{{Ankathete}}{{Hypotenuse}}=\\frac{{AK}}{{HYP}}\\)<\/p>\n<p>Wir beweisen nun den 1. Summensatz f\u00fcr \\(\\sin(\\alpha + \\beta)\\), d.h. wenn im Argument des Sinus eine Winkel<em><strong>summe<\/strong><\/em> auftritt.<\/p>\n<div class=\"su-box su-box-style-fancy\" id=\"\" style=\"border-color:#8ea3cc;border-radius:5px;max-width:none\">\n<div class=\"su-box-title\" style=\"background-color:#C1D6FF;color:#000;border-top-left-radius:3px;border-top-right-radius:3px\">Das Ergebnis lautet<\/div>\n<div class=\"su-box-content su-u-clearfix su-u-trim\" style=\"border-bottom-left-radius:3px;border-bottom-right-radius:3px\">\n<p>\\(\\displaystyle \\sin (\\alpha +\\beta )=\\sin \\alpha \\cdot \\cos \\beta +\\cos \\alpha \\cdot \\sin \\beta \\)<\/p>\n<\/div>\n<\/div>\n<h2>Geometrischer Beweis<\/h2>\n<div class=\"su-spoiler su-spoiler-style-fancy su-spoiler-icon-plus su-spoiler-closed\" data-scroll-offset=\"0\" data-anchor-in-url=\"no\">\n<div class=\"su-spoiler-title\" tabindex=\"0\" role=\"button\"><span class=\"su-spoiler-icon\"><\/span>Schritt 1<\/div>\n<div class=\"su-spoiler-content su-u-clearfix su-u-trim\"> <a href=\"https:\/\/www.hcgreier.at\/nachhilfe\/wp-content\/uploads\/2016\/11\/sinus_schritt_1.png\"><img loading=\"lazy\" decoding=\"async\" class=\"alignright wp-image-2467 size-medium\" src=\"https:\/\/www.hcgreier.at\/nachhilfe\/wp-content\/uploads\/2016\/11\/sinus_schritt_1-300x261.png\" alt=\"Schritt 1\" width=\"300\" height=\"261\" srcset=\"https:\/\/www.hcgreier.at\/nachhilfe\/wp-content\/uploads\/2016\/11\/sinus_schritt_1-300x261.png 300w, https:\/\/www.hcgreier.at\/nachhilfe\/wp-content\/uploads\/2016\/11\/sinus_schritt_1.png 455w\" sizes=\"(max-width: 300px) 100vw, 300px\" \/><\/a>Konstruiere um einen Punkt \\(M\\) einen Kreis mit dem Radius \\(r=1\\) (Einheitskreis).<\/p>\n<p>Zeichne den waagrechten Schenkel \\(\\overline{MP}\\) ein.<\/p>\n<p>Zeichne ausgehend vom Schenkel \\(\\displaystyle \\overline{{MP}}\\) einen beliebigen Winkel \\(\\alpha\\) und daran anschlie\u00dfend einen beliebigen Winkel \\(\\beta\\) ein.<\/p>\n<p>Punkt \\(B\\) ergibt sich als Schnittpunkt von Einheitskreis und dem Schenkel von \\(\\beta\\).<\/p>\n<\/div>\n<\/div>\n<div class=\"su-spoiler su-spoiler-style-fancy su-spoiler-icon-plus su-spoiler-closed\" data-scroll-offset=\"0\" data-anchor-in-url=\"no\">\n<div class=\"su-spoiler-title\" tabindex=\"0\" role=\"button\"><span class=\"su-spoiler-icon\"><\/span>Schritt 2<\/div>\n<div class=\"su-spoiler-content su-u-clearfix su-u-trim\"> <a href=\"https:\/\/www.hcgreier.at\/nachhilfe\/wp-content\/uploads\/2016\/11\/sinus_schritt_2.png\"><img loading=\"lazy\" decoding=\"async\" class=\"alignright wp-image-2468 size-medium\" src=\"https:\/\/www.hcgreier.at\/nachhilfe\/wp-content\/uploads\/2016\/11\/sinus_schritt_2-300x261.png\" alt=\"Schritt 2\" width=\"300\" height=\"261\" srcset=\"https:\/\/www.hcgreier.at\/nachhilfe\/wp-content\/uploads\/2016\/11\/sinus_schritt_2-300x261.png 300w, https:\/\/www.hcgreier.at\/nachhilfe\/wp-content\/uploads\/2016\/11\/sinus_schritt_2.png 455w\" sizes=\"(max-width: 300px) 100vw, 300px\" \/><\/a>Konstruiere die Normale durch \\(B\\) auf den Schenkel \\(\\displaystyle \\overline{{MP}}\\) und bezeichne den Fu\u00dfpunkt mit \\(R\\).<\/p>\n<p>Im Dreieck \\(\\displaystyle \\triangle MBR\\) ist nun die Strecke \\(\\displaystyle \\overline{{BR}}\\) die Gegenkathete zum gesamten Winkel \\((\\alpha + \\beta)\\), es gilt also<\/p>\n<p>\\(\\displaystyle \\sin (\\alpha +\\beta )=\\frac{{GK}}{{HYP}}=\\frac{{\\overline{{BR}}}}{1}=\\overline{{BR}}\\)<\/p>\n<\/div>\n<\/div>\n<div class=\"su-spoiler su-spoiler-style-fancy su-spoiler-icon-plus su-spoiler-closed\" data-scroll-offset=\"0\" data-anchor-in-url=\"no\">\n<div class=\"su-spoiler-title\" tabindex=\"0\" role=\"button\"><span class=\"su-spoiler-icon\"><\/span>Schritt 3<\/div>\n<div class=\"su-spoiler-content su-u-clearfix su-u-trim\"> <a href=\"https:\/\/www.hcgreier.at\/nachhilfe\/wp-content\/uploads\/2016\/11\/sinus_schritt_3.png\"><img loading=\"lazy\" decoding=\"async\" class=\"alignright wp-image-2469 size-medium\" src=\"https:\/\/www.hcgreier.at\/nachhilfe\/wp-content\/uploads\/2016\/11\/sinus_schritt_3-300x261.png\" alt=\"Schritt 3\" width=\"300\" height=\"261\" srcset=\"https:\/\/www.hcgreier.at\/nachhilfe\/wp-content\/uploads\/2016\/11\/sinus_schritt_3-300x261.png 300w, https:\/\/www.hcgreier.at\/nachhilfe\/wp-content\/uploads\/2016\/11\/sinus_schritt_3.png 455w\" sizes=\"(max-width: 300px) 100vw, 300px\" \/><\/a>Zeichne einen Punkt \\(A\\) auf dem gemeinsamen Schenkel von \\(\\alpha\\) und \\(\\beta\\) so ein, dass \\(\\displaystyle \\overline{AB}\\) normal auf \\(\\displaystyle \\overline{MA}\\) steht.<\/p>\n<p>Es entsteht das rote rechtwinkelige Dreieck \\(\\displaystyle \\triangle MAB\\). In diesem Dreieck ist die Hypotenuse \\(r=1\\) und gem\u00e4\u00df der Definition von Sinus und Cosinus gilt:<\/p>\n<p>\\(\\displaystyle \\sin \\beta =\\frac{{GK}}{{HYP}}=\\frac{{\\overline{{AB}}}}{1}\\Rightarrow \\overline{{AB}}=\\sin \\beta \\)<\/p>\n<p>\\(\\displaystyle \\cos \\beta =\\frac{{AK}}{{HYP}}=\\frac{{\\overline{{MA}}}}{1}\\Rightarrow \\overline{{MA}}=\\cos \\beta \\)<\/p>\n<\/div>\n<\/div>\n<div class=\"su-spoiler su-spoiler-style-fancy su-spoiler-icon-plus su-spoiler-closed\" data-scroll-offset=\"0\" data-anchor-in-url=\"no\">\n<div class=\"su-spoiler-title\" tabindex=\"0\" role=\"button\"><span class=\"su-spoiler-icon\"><\/span>Schritt 4<\/div>\n<div class=\"su-spoiler-content su-u-clearfix su-u-trim\"> <a href=\"https:\/\/www.hcgreier.at\/nachhilfe\/wp-content\/uploads\/2016\/11\/sinus_schritt_4.png\"><img loading=\"lazy\" decoding=\"async\" class=\"alignright wp-image-2470 size-medium\" src=\"https:\/\/www.hcgreier.at\/nachhilfe\/wp-content\/uploads\/2016\/11\/sinus_schritt_4-300x262.png\" alt=\"Schritt 4\" width=\"300\" height=\"262\" srcset=\"https:\/\/www.hcgreier.at\/nachhilfe\/wp-content\/uploads\/2016\/11\/sinus_schritt_4-300x262.png 300w, https:\/\/www.hcgreier.at\/nachhilfe\/wp-content\/uploads\/2016\/11\/sinus_schritt_4.png 453w\" sizes=\"(max-width: 300px) 100vw, 300px\" \/><\/a>Konstruiere die Normale durch den Punkt \\(A\\) auf den Schenkel \\(\\displaystyle \\overline{{MP}}\\) und bezeichne den Fu\u00dfpunkt mit \\(Q\\).<\/p>\n<p>Das gelbe rechtwinkelige Dreieck \\(\\triangle MAQ\\) besitzt als Hypotenuse die Strecke \\(\\overline{MA} = \\cos \\beta\\) (Siehe Schritt 3).<\/p>\n<p>Die Strecke \\(\\overline{AQ}\\) ist die Gegenkathete zum Winkel \\(\\alpha\\), daher gilt<\/p>\n<p>\\(\\displaystyle \\sin \\alpha =\\frac{{GK}}{{HYP}}=\\frac{{\\overline{{QA}}}}{{\\overline{{MA}}}}=\\frac{{\\overline{{QA}}}}{{\\cos \\beta }}\\).<\/p>\n<p>Daher folgt<\/p>\n<p>\\(\\displaystyle \\overline{{QA}}=\\sin \\alpha \\cdot \\cos \\beta \\)<\/p>\n<p>&nbsp;<\/p>\n<\/div>\n<\/div>\n<div class=\"su-spoiler su-spoiler-style-fancy su-spoiler-icon-plus su-spoiler-closed\" data-scroll-offset=\"0\" data-anchor-in-url=\"no\">\n<div class=\"su-spoiler-title\" tabindex=\"0\" role=\"button\"><span class=\"su-spoiler-icon\"><\/span>Schritt 5<\/div>\n<div class=\"su-spoiler-content su-u-clearfix su-u-trim\"> <a href=\"https:\/\/www.hcgreier.at\/nachhilfe\/wp-content\/uploads\/2016\/11\/sinus_schritt_5.png\"><img loading=\"lazy\" decoding=\"async\" class=\"alignright wp-image-2471 size-medium\" src=\"https:\/\/www.hcgreier.at\/nachhilfe\/wp-content\/uploads\/2016\/11\/sinus_schritt_5-300x261.png\" alt=\"Schritt 5\" width=\"300\" height=\"261\" srcset=\"https:\/\/www.hcgreier.at\/nachhilfe\/wp-content\/uploads\/2016\/11\/sinus_schritt_5-300x261.png 300w, https:\/\/www.hcgreier.at\/nachhilfe\/wp-content\/uploads\/2016\/11\/sinus_schritt_5.png 455w\" sizes=\"(max-width: 300px) 100vw, 300px\" \/><\/a>Der Winkel \\(\\alpha\\) wird von den Schenkeln \\(\\displaystyle \\overline{MP}\\) und \\(\\displaystyle \\overline{MA}\\) eingeschlossen. Man sieht in der Skizze<\/p>\n<ul>\n<li>\\(\\displaystyle \\overline{BR}\\) steht normal auf \\(\\displaystyle \\overline{MP}\\)<\/li>\n<li>\\(\\displaystyle \\overline{AB}\\) steht normal auf \\(\\displaystyle \\overline{MA}\\)<\/li>\n<\/ul>\n<p>Daher entspricht der Winkel \\(\\angle RBA\\) beim Punkt \\(B\\) ebenfalls dem Winkel \\(\\alpha\\)! (Normalwinkel)<\/p>\n<\/div>\n<\/div>\n<div class=\"su-spoiler su-spoiler-style-fancy su-spoiler-icon-plus su-spoiler-closed\" data-scroll-offset=\"0\" data-anchor-in-url=\"no\">\n<div class=\"su-spoiler-title\" tabindex=\"0\" role=\"button\"><span class=\"su-spoiler-icon\"><\/span>Schritt 6<\/div>\n<div class=\"su-spoiler-content su-u-clearfix su-u-trim\"> <a href=\"https:\/\/www.hcgreier.at\/nachhilfe\/wp-content\/uploads\/2016\/11\/sinus_schritt_6.png\"><img loading=\"lazy\" decoding=\"async\" class=\"alignright wp-image-2472 size-medium\" src=\"https:\/\/www.hcgreier.at\/nachhilfe\/wp-content\/uploads\/2016\/11\/sinus_schritt_6-300x261.png\" alt=\"Schritt 6\" width=\"300\" height=\"261\" srcset=\"https:\/\/www.hcgreier.at\/nachhilfe\/wp-content\/uploads\/2016\/11\/sinus_schritt_6-300x261.png 300w, https:\/\/www.hcgreier.at\/nachhilfe\/wp-content\/uploads\/2016\/11\/sinus_schritt_6.png 455w\" sizes=\"(max-width: 300px) 100vw, 300px\" \/><\/a>Konstruiere die Normale auf die Strecke \\(\\overline{BR}\\) durch den Punkt \\(A\\). Den Fu\u00dfpunkt bezeichne mit \\(S\\).<\/p>\n<p>Das rechtwinkelige Dreieck \\(\\triangle ASB\\) hat als Hypotenuse die Strecke \\(\\overline{AB} = \\sin \\beta\\) (Siehe Schritt 3).<\/p>\n<p>Es gilt daher<\/p>\n<p>\\(\\displaystyle \\cos \\alpha =\\frac{{AK}}{{HYP}}=\\frac{{\\overline{{BS}}}}{{\\overline{{BA}}}}=\\frac{{\\overline{{BS}}}}{{\\sin \\beta }}\\) und daher<\/p>\n<p>\\(\\displaystyle \\overline{{BS}}=\\cos \\alpha \\cdot \\sin \\beta \\)<\/p>\n<p>Die gesamte Strecke \\(\\overline{BR}\\) entspricht laut Schritt 2 dem \\(\\sin (\\alpha + \\beta)\\)<\/p>\n<p>Es gilt daher<\/p>\n<p>\\(\\displaystyle \\overline{{BR}}=\\overline{{RS}}+\\overline{{BS}}=\\overline{{QA}}+\\overline{{BS}}\\)<\/p>\n<p>Setzt man die Strecke \\(\\overline{QA}\\) aus Schritt 4 und Strecke \\(\\overline{BS}\\) aus Schritt 6 ein, ergibt sich<\/p>\n<p>\\(\\displaystyle \\underbrace{{\\sin (\\alpha +\\beta )}}_{{\\overline{{BR}}}}=\\underbrace{{\\sin \\alpha \\cdot \\cos \\beta }}_{{\\overline{{QA}}}}+\\underbrace{{\\cos \\alpha \\cdot \\sin \\beta }}_{{\\overline{{BS}}}}\\)<\/p>\n<p><em><strong>q.e.d.<\/strong><\/em><\/p>\n<\/div>\n<\/div>\n<p>&nbsp;<\/p>\n","protected":false},"excerpt":{"rendered":"<p>Die einfachen Zusammenh\u00e4nge f\u00fcr Sinus\/Cosinus sollten f\u00fcr den nachstehenden Beweis bekannt sein: \\(\\displaystyle \\sin \\alpha =\\frac{{Gegenkathete}}{{Hypotenuse}}=\\frac{{GK}}{{HYP}}\\) \\(\\displaystyle \\cos \\alpha =\\frac{{Ankathete}}{{Hypotenuse}}=\\frac{{AK}}{{HYP}}\\) Wir beweisen nun den 1. Summensatz f\u00fcr \\(\\sin(\\alpha + \\beta)\\), d.h. wenn im Argument des Sinus eine Winkelsumme auftritt. Geometrischer&hellip;<\/p>\n<p class=\"more-link-p\"><a class=\"more-link\" href=\"https:\/\/www.hcgreier.at\/nachhilfe\/1-summensatz-fuer-sinus-beweis\/\">Read more &rarr;<\/a><\/p>\n","protected":false},"author":1,"featured_media":0,"parent":0,"menu_order":0,"comment_status":"closed","ping_status":"closed","template":"","meta":{"footnotes":""},"_links":{"self":[{"href":"https:\/\/www.hcgreier.at\/nachhilfe\/wp-json\/wp\/v2\/pages\/2473"}],"collection":[{"href":"https:\/\/www.hcgreier.at\/nachhilfe\/wp-json\/wp\/v2\/pages"}],"about":[{"href":"https:\/\/www.hcgreier.at\/nachhilfe\/wp-json\/wp\/v2\/types\/page"}],"author":[{"embeddable":true,"href":"https:\/\/www.hcgreier.at\/nachhilfe\/wp-json\/wp\/v2\/users\/1"}],"replies":[{"embeddable":true,"href":"https:\/\/www.hcgreier.at\/nachhilfe\/wp-json\/wp\/v2\/comments?post=2473"}],"version-history":[{"count":0,"href":"https:\/\/www.hcgreier.at\/nachhilfe\/wp-json\/wp\/v2\/pages\/2473\/revisions"}],"wp:attachment":[{"href":"https:\/\/www.hcgreier.at\/nachhilfe\/wp-json\/wp\/v2\/media?parent=2473"}],"curies":[{"name":"wp","href":"https:\/\/api.w.org\/{rel}","templated":true}]}}