{"id":243,"date":"2015-02-27T14:54:39","date_gmt":"2015-02-27T13:54:39","guid":{"rendered":"https:\/\/www.hcgreier.at\/nachhilfe\/?page_id=243"},"modified":"2017-10-26T17:41:05","modified_gmt":"2017-10-26T15:41:05","slug":"home","status":"publish","type":"page","link":"https:\/\/www.hcgreier.at\/nachhilfe\/","title":{"rendered":"Home"},"content":{"rendered":"<h1>Willkommen bei &#8222;I <i class=\"fa fa-heart red\" style=\"color: #933;\"><\/i> Mathe&#8220;!<\/h1>\n<p>Wie bitte? Viele werden jetzt sagen &#8222;I <em><strong>don&#8217;t <\/strong><\/em> <i class=\"fa fa-heart red\" style=\"color: #933;\"><\/i> Mathe!&#8220;, weil die Mathematik immer noch zu den schwierigsten F\u00e4chern in der Schule geh\u00f6rt. Das mag daran liegen, dass die Mathematik ein sehr abstraktes Gebiet ist. Es gibt viele neue Begriffe, Symbole und Lehrs\u00e4tze zu lernen, mit denen man <em>scheinbar<\/em> im t\u00e4glichen Leben nichts anzufangen wei\u00df.<\/p>\n<h2>Leistbare (Online-) Nachhilfe in Mathematik und Physik<\/h2>\n<p><img loading=\"lazy\" decoding=\"async\" class=\"alignleft wp-image-1552 size-full\" title=\"HC Greier\" src=\"https:\/\/www.hcgreier.at\/nachhilfe\/wp-content\/uploads\/2016\/01\/hc_greier_i_love_mathe.jpg\" alt=\"HC Greier\" width=\"150\" height=\"198\" \/>Ich biete in den F\u00e4chern <em>Mathematik<\/em> und <em>Physik<\/em> schon seit meiner eigenen Schulzeit Nachhilfe an. Wer an gezielter Nachhilfe in diesen F\u00e4chern interessiert ist, kann sich\u00a0\u2192 <a href=\"https:\/\/www.hcgreier.at\/nachhilfe\/allgemeine-informationen\/\">hier informieren<\/a>.<\/p>\n<p>Hier finden sich auch zahlreiche Online-Beispiele rund ums Thema Mathematik. Es wird dabei <strong>vor allem der Stoff aus der AHS<\/strong> (Mittelschule\/Gymnasium) bis zur Matura behandelt, aber auch z.B. der Mathematikstoff in der HTL. Die Seiten sind nat\u00fcrlich niemals vollst\u00e4ndig, da ich die Beispiele vor allem aus den Aufgaben entwickelt habe, die meine Nachhilfesch\u00fcler als Haus\u00fcbungen bekommen haben. In den Erkl\u00e4rungen\/L\u00f6sungen wird es manchmal ganz sch\u00f6n <em>unmathematisch<\/em>, weil man oft anhand umgangssprachlicher Erkl\u00e4rungen einen besseren Zugang findet und begreift, worum es eigentlich geht. In der Schule wird das zum Teil sehr vernachl\u00e4ssigt und nur der &#8222;Stoff&#8220; heruntergepredigt, ohne auf Verst\u00e4ndnisfragen einzugehen. Diese Seiten sollen ein wenig helfen, mit der Mathematik Freundschaft zu schlie\u00dfen.<\/p>\n<h2>Braucht man Mathematik?<\/h2>\n<p><a href=\"https:\/\/www.hcgreier.at\/nachhilfe\/wp-content\/uploads\/2015\/02\/math_blow_head.png\"><img loading=\"lazy\" decoding=\"async\" class=\"alignright wp-image-454 size-medium\" title=\"Mit Mathe auf Kriegsfu\u00df...?\" src=\"https:\/\/www.hcgreier.at\/nachhilfe\/wp-content\/uploads\/2015\/02\/math_blow_head-246x300.png\" alt=\"Mit Mathe auf Kriegsfu\u00df...?\" width=\"246\" height=\"300\" srcset=\"https:\/\/www.hcgreier.at\/nachhilfe\/wp-content\/uploads\/2015\/02\/math_blow_head-246x300.png 246w, https:\/\/www.hcgreier.at\/nachhilfe\/wp-content\/uploads\/2015\/02\/math_blow_head.png 428w\" sizes=\"(max-width: 246px) 100vw, 246px\" \/><\/a>Selbstverst\u00e4ndich! Mathematik kommt fast \u00fcberall vor, auch wenn es auf den ersten Blick oft nicht so aussieht. Oft denkt man sich beim L\u00f6sen eines kniffligen Problems: &#8222;Wozu in aller Welt braucht man das alles??&#8220;<\/p>\n<p>Ohne Mathematik ist unser heutiges Leben nicht denkbar. Um ein Auto oder Handy zu bauen, oder um ein Computerspiel zu programmieren braucht man eben Mathematik. Nicht jeder wird in seinem sp\u00e4teren Beruf einmal <em>komplizierte<\/em> Mathematik brauchen, aber selbst im Alltag begegnet einem die Mathematik andauernd. Und wer Mathe kann, ist klar im Vorteil!<\/p>\n<p>Ich w\u00fcnsche allen &#8211; auch jenen, die mit der Mathematik (noch) auf Kriegsfu\u00df stehen &#8211; viel Spa\u00df bei &#8222;I <i class=\"fa fa-heart red\" style=\"color: #933;\"><\/i> MATHE&#8220;!<\/p>\n<p>&nbsp;<\/p>\n","protected":false},"excerpt":{"rendered":"<p>Willkommen bei &#8222;I Mathe&#8220;! Wie bitte? Viele werden jetzt sagen &#8222;I don&#8217;t Mathe!&#8220;, weil die Mathematik immer noch zu den schwierigsten F\u00e4chern in der Schule geh\u00f6rt. Das mag daran liegen, dass die Mathematik ein sehr abstraktes Gebiet ist. Es gibt&hellip;<\/p>\n<p class=\"more-link-p\"><a class=\"more-link\" href=\"https:\/\/www.hcgreier.at\/nachhilfe\/\">Read more &rarr;<\/a><\/p>\n","protected":false},"author":1,"featured_media":0,"parent":0,"menu_order":0,"comment_status":"closed","ping_status":"closed","template":"","meta":{"footnotes":""},"_links":{"self":[{"href":"https:\/\/www.hcgreier.at\/nachhilfe\/wp-json\/wp\/v2\/pages\/243"}],"collection":[{"href":"https:\/\/www.hcgreier.at\/nachhilfe\/wp-json\/wp\/v2\/pages"}],"about":[{"href":"https:\/\/www.hcgreier.at\/nachhilfe\/wp-json\/wp\/v2\/types\/page"}],"author":[{"embeddable":true,"href":"https:\/\/www.hcgreier.at\/nachhilfe\/wp-json\/wp\/v2\/users\/1"}],"replies":[{"embeddable":true,"href":"https:\/\/www.hcgreier.at\/nachhilfe\/wp-json\/wp\/v2\/comments?post=243"}],"version-history":[{"count":0,"href":"https:\/\/www.hcgreier.at\/nachhilfe\/wp-json\/wp\/v2\/pages\/243\/revisions"}],"wp:attachment":[{"href":"https:\/\/www.hcgreier.at\/nachhilfe\/wp-json\/wp\/v2\/media?parent=243"}],"curies":[{"name":"wp","href":"https:\/\/api.w.org\/{rel}","templated":true}]}}