{"id":2418,"date":"2016-10-17T21:09:17","date_gmt":"2016-10-17T19:09:17","guid":{"rendered":"https:\/\/www.hcgreier.at\/nachhilfe\/?page_id=2418"},"modified":"2016-11-08T18:38:55","modified_gmt":"2016-11-08T17:38:55","slug":"sinus-cosinus-und-tangens-haeufiger-winkel","status":"publish","type":"page","link":"https:\/\/www.hcgreier.at\/nachhilfe\/sinus-cosinus-und-tangens-haeufiger-winkel\/","title":{"rendered":"Sinus, Cosinus und Tangens h\u00e4ufiger Winkel"},"content":{"rendered":"<p>Nachstehend wird gezeigt, wie man sich f\u00fcr h\u00e4ufig vorkommende Winkelwerte wie z.B. \\(30^{\\circ}, 45^{\\circ}, 60^{\\circ}\\) die entsprechenden Sinus-, Cosinus- und Tangenswerte herleiten kann.<\/p>\n<h3>Beginnen wir mit dem Sinus von \\(\\displaystyle 30{}^\\circ \\).<\/h3>\n<p>Der \\(\\sin(30^{\\circ})\\) eignet sich sehr sch\u00f6n zur grafischen Darstellung am Einheitskreis.<\/p>\n<div class=\"su-spoiler su-spoiler-style-fancy su-spoiler-icon-plus\" data-scroll-offset=\"0\" data-anchor-in-url=\"no\">\n<div class=\"su-spoiler-title\" tabindex=\"0\" role=\"button\"><span class=\"su-spoiler-icon\"><\/span>Schritt 1<\/div>\n<div class=\"su-spoiler-content su-u-clearfix su-u-trim\"> <a href=\"https:\/\/www.hcgreier.at\/nachhilfe\/wp-content\/uploads\/2016\/10\/sin_cos_tan_werte_haeufiger_winkel_01.png\"><img loading=\"lazy\" decoding=\"async\" class=\"wp-image-2319 alignright\" src=\"https:\/\/www.hcgreier.at\/nachhilfe\/wp-content\/uploads\/2016\/10\/sin_cos_tan_werte_haeufiger_winkel_01-258x300.png\" alt=\"sin(30\u00b0)\" width=\"272\" height=\"316\" srcset=\"https:\/\/www.hcgreier.at\/nachhilfe\/wp-content\/uploads\/2016\/10\/sin_cos_tan_werte_haeufiger_winkel_01-258x300.png 258w, https:\/\/www.hcgreier.at\/nachhilfe\/wp-content\/uploads\/2016\/10\/sin_cos_tan_werte_haeufiger_winkel_01.png 763w\" sizes=\"(max-width: 272px) 100vw, 272px\" \/><\/a>Man zeichnet sich einen Einheitskreis, Radius \\(r=1\\). Nun tr\u00e4gt man den Winkel \\(\\alpha=30^{\\circ}\\) nach oben hin auf und erh\u00e4lt den Schittpunkt \\(P_1\\). Der Fu\u00dfpunkt \\(F\\) befindet sich senkrecht unterhalb von \\(P_1\\).<\/p>\n<p>Die Strecke \\(\\displaystyle \\overline{{{{P}_{1}}F}}\\) ergibt sich aus<\/p>\n<p>\\(\\displaystyle \\frac{{GK}}{{HYP}}=\\frac{{\\overline{{{{P}_{1}}F}}}}{1}=\\sin (30{}^\\circ )\\)<\/p>\n<p>\\(\\displaystyle\\sin (30{}^\\circ )=\\overline{{{{P}_{1}}F}}\\)<\/p>\n<\/div>\n<\/div>\n<div class=\"su-spoiler su-spoiler-style-fancy su-spoiler-icon-plus su-spoiler-closed\" data-scroll-offset=\"0\" data-anchor-in-url=\"no\">\n<div class=\"su-spoiler-title\" tabindex=\"0\" role=\"button\"><span class=\"su-spoiler-icon\"><\/span>Schritt 2<\/div>\n<div class=\"su-spoiler-content su-u-clearfix su-u-trim\"> <a href=\"https:\/\/www.hcgreier.at\/nachhilfe\/wp-content\/uploads\/2016\/10\/sin_cos_tan_werte_haeufiger_winkel_02.png\"><img loading=\"lazy\" decoding=\"async\" class=\"alignright wp-image-2318 size-medium\" src=\"https:\/\/www.hcgreier.at\/nachhilfe\/wp-content\/uploads\/2016\/10\/sin_cos_tan_werte_haeufiger_winkel_02-282x300.png\" alt=\"sin(30\u00b0)\" width=\"282\" height=\"300\" srcset=\"https:\/\/www.hcgreier.at\/nachhilfe\/wp-content\/uploads\/2016\/10\/sin_cos_tan_werte_haeufiger_winkel_02-282x300.png 282w, https:\/\/www.hcgreier.at\/nachhilfe\/wp-content\/uploads\/2016\/10\/sin_cos_tan_werte_haeufiger_winkel_02-768x818.png 768w, https:\/\/www.hcgreier.at\/nachhilfe\/wp-content\/uploads\/2016\/10\/sin_cos_tan_werte_haeufiger_winkel_02.png 830w\" sizes=\"(max-width: 282px) 100vw, 282px\" \/><\/a>Um die L\u00e4nge dieser Strecke zu ermitteln zeichnet man den Winkel \\(\\displaystyle \\alpha \\) noch einmal in die andere Richtung (nach unten) ein, man erh\u00e4lt am Kreis den Schnittpunkt \\(\\displaystyle {{P}_{2}}\\). Am Mittelpunkt \\(\\displaystyle M\\) ist nun der doppelte Winkel \\(\\displaystyle 2\\alpha =60{}^\\circ \\) entstanden, den die beiden Kreisradien einschlie\u00dfen.<\/p>\n<p>Da diese Schenkel die selbe L\u00e4nge haben und einen Winkel von \\(\\displaystyle 60{}^\\circ \\) einschlie\u00dfen, kann man schlie\u00dflich das <strong>gleichseitige<\/strong> Dreieck \\(\\displaystyle \\triangle M{{P}_{1}}{{P}_{2}}\\) einzeichnen.<\/p>\n<\/div>\n<\/div>\n<div class=\"su-spoiler su-spoiler-style-fancy su-spoiler-icon-plus su-spoiler-closed\" data-scroll-offset=\"0\" data-anchor-in-url=\"no\">\n<div class=\"su-spoiler-title\" tabindex=\"0\" role=\"button\"><span class=\"su-spoiler-icon\"><\/span>Schritt 3<\/div>\n<div class=\"su-spoiler-content su-u-clearfix su-u-trim\"> <a href=\"https:\/\/www.hcgreier.at\/nachhilfe\/wp-content\/uploads\/2016\/10\/sin_cos_tan_werte_haeufiger_winkel_03.png\"><img loading=\"lazy\" decoding=\"async\" class=\"wp-image-2317 size-medium alignright\" src=\"https:\/\/www.hcgreier.at\/nachhilfe\/wp-content\/uploads\/2016\/10\/sin_cos_tan_werte_haeufiger_winkel_03-300x272.png\" alt=\"sin(30\u00b0)\" width=\"300\" height=\"272\" srcset=\"https:\/\/www.hcgreier.at\/nachhilfe\/wp-content\/uploads\/2016\/10\/sin_cos_tan_werte_haeufiger_winkel_03-300x272.png 300w, https:\/\/www.hcgreier.at\/nachhilfe\/wp-content\/uploads\/2016\/10\/sin_cos_tan_werte_haeufiger_winkel_03-768x696.png 768w, https:\/\/www.hcgreier.at\/nachhilfe\/wp-content\/uploads\/2016\/10\/sin_cos_tan_werte_haeufiger_winkel_03.png 928w\" sizes=\"(max-width: 300px) 100vw, 300px\" \/><\/a>Da das Dreieck gleichseitig ist, muss die Strecke \\(\\displaystyle \\overline{{{{P}_{1}}{{P}_{2}}}}\\) ebenfalls die L\u00e4nge \\(1\\) haben.<\/p>\n<p>Das Dreieck ist symmetrisch zur \\(x-\\)Achse, der Fu\u00dfpunkt \\(F\\) teilt also die Strecke \\(\\displaystyle \\overline{{{{P}_{1}}{{P}_{2}}}}\\) in der H\u00e4lfte. Daraus folgt<\/p>\n<p>\\(\\displaystyle \\overline{{{{P}_{1}}F}}=\\frac{{\\overline{{{{P}_{1}}{{P}_{2}}}}}}{2}=\\frac{1}{2}\\)<\/p>\n<p>Der Sinuswert von \\(\\displaystyle 30{}^\\circ \\) muss also \\(\\displaystyle \\sin (30{}^\\circ )=\\frac{1}{2}\\) sein.<\/p>\n<\/div>\n<\/div>\n<p>Nachdem wir den \\(\\displaystyle \\sin (30{}^\\circ )=\\frac{1}{2}\\) geometrisch bestimmt haben, k\u00f6nnen wir die anderen Werte aus den Zusammenh\u00e4ngen f\u00fcr \\(sin, cos, tan\\) herleiten.<\/p>\n<div class=\"su-accordion su-u-trim\">\n<div class=\"su-spoiler su-spoiler-style-fancy su-spoiler-icon-plus su-spoiler-closed\" data-scroll-offset=\"0\" data-anchor-in-url=\"no\">\n<div class=\"su-spoiler-title\" tabindex=\"0\" role=\"button\"><span class=\"su-spoiler-icon\"><\/span>cos(60\u00b0)<\/div>\n<div class=\"su-spoiler-content su-u-clearfix su-u-trim\"> Aus dem Satz f\u00fcr Komplement\u00e4rwinkel wissen wir, dass<\/p>\n<p>\\(\\displaystyle \\cos (90{}^\\circ -\\alpha )=\\sin (\\alpha )\\) ist.<\/p>\n<p>Wir kennen den \\(\\displaystyle \\sin (30{}^\\circ )=\\frac{1}{2}\\), daher folgt<\/p>\n<p>\\(\\displaystyle \\cos (90{}^\\circ -30{}^\\circ )=\\sin (30{}^\\circ )\\)<\/p>\n<p>\\(\\displaystyle =\\frac{1}{2}\\Rightarrow \\cos (60{}^\\circ )=\\frac{1}{2}\\)<\/p>\n<\/div>\n<\/div>\n<div class=\"su-spoiler su-spoiler-style-fancy su-spoiler-icon-plus su-spoiler-closed\" data-scroll-offset=\"0\" data-anchor-in-url=\"no\">\n<div class=\"su-spoiler-title\" tabindex=\"0\" role=\"button\"><span class=\"su-spoiler-icon\"><\/span>cos(30\u00b0)<\/div>\n<div class=\"su-spoiler-content su-u-clearfix su-u-trim\">\n<div id=\"attachment_2442\" style=\"width: 287px\" class=\"wp-caption alignright\"><a href=\"https:\/\/www.hcgreier.at\/nachhilfe\/wp-content\/uploads\/2016\/10\/Einheitskreis-Trigonometrischer-Pythagoras.png\"><img loading=\"lazy\" decoding=\"async\" aria-describedby=\"caption-attachment-2442\" class=\"wp-image-2442 size-medium\" src=\"https:\/\/www.hcgreier.at\/nachhilfe\/wp-content\/uploads\/2016\/10\/Einheitskreis-Trigonometrischer-Pythagoras-277x300.png\" alt=\"Trigonometrischer Pythagoras\" width=\"277\" height=\"300\" srcset=\"https:\/\/www.hcgreier.at\/nachhilfe\/wp-content\/uploads\/2016\/10\/Einheitskreis-Trigonometrischer-Pythagoras-277x300.png 277w, https:\/\/www.hcgreier.at\/nachhilfe\/wp-content\/uploads\/2016\/10\/Einheitskreis-Trigonometrischer-Pythagoras.png 668w\" sizes=\"(max-width: 277px) 100vw, 277px\" \/><\/a><\/p>\n<p id=\"caption-attachment-2442\" class=\"wp-caption-text\">Trigonometrischer Pythagoras am Einheitskreis<\/p>\n<\/div>\n<p>Aus dem Einheitskreis kennen wir den Zusammenhang, den man &#8222;<strong>trigonometrischen Pythagoras<\/strong>&#8220; nennt:<\/p>\n<p>\\(\\displaystyle {{\\sin }^{2}}\\alpha +{{\\cos }^{2}}\\alpha =1\\)<\/p>\n<p>Wir kennen den \\(\\displaystyle \\sin (30{}^\\circ )=\\frac{1}{2}\\), daher folgt<\/p>\n<p>\\(\\displaystyle {{\\cos }^{2}}(30{}^\\circ )=1-{{\\sin }^{2}}(30{}^\\circ )=\\)<br \/>\n\\(\\displaystyle =1-{{\\left( {\\frac{1}{2}} \\right)}^{2}}=1-\\frac{1}{4}=\\frac{3}{4}\\)<br \/>\n\\(\\displaystyle \\cos (30{}^\\circ )=\\sqrt{{\\frac{3}{4}}}=\\frac{{\\sqrt{3}}}{{\\sqrt{4}}}=\\)<br \/>\n\\(\\displaystyle =\\frac{{\\sqrt{3}}}{2}\\approx 0,8660254&#8230;.\\)<\/p>\n<\/div>\n<\/div>\n<div class=\"su-spoiler su-spoiler-style-fancy su-spoiler-icon-plus su-spoiler-closed\" data-scroll-offset=\"0\" data-anchor-in-url=\"no\">\n<div class=\"su-spoiler-title\" tabindex=\"0\" role=\"button\"><span class=\"su-spoiler-icon\"><\/span>tan(30\u00b0)<\/div>\n<div class=\"su-spoiler-content su-u-clearfix su-u-trim\"> Der \\(\\displaystyle \\tan (30{}^\\circ )\\) ergibt sich aus dem Zusammenhang<\/p>\n<p>\\(\\displaystyle \\tan \\alpha =\\frac{{\\sin \\alpha }}{{\\cos \\alpha }}\\), wir haben also<\/p>\n<p>\\(\\displaystyle \\tan (30{}^\\circ )=\\frac{{\\sin (30{}^\\circ )}}{{\\cos (30{}^\\circ )}}=\\)<br \/>\n\\(\\displaystyle =\\frac{{\\frac{1}{2}}}{{\\frac{{\\sqrt{3}}}{2}}}=\\frac{{1\\cdot 2}}{{2\\cdot \\sqrt{3}}}=\\)<br \/>\n\\(\\displaystyle =\\frac{1}{{\\sqrt{3}}}\\approx 0.57735&#8230;\\)<\/p>\n<\/div>\n<\/div>\n<div class=\"su-spoiler su-spoiler-style-fancy su-spoiler-icon-plus su-spoiler-closed\" data-scroll-offset=\"0\" data-anchor-in-url=\"no\">\n<div class=\"su-spoiler-title\" tabindex=\"0\" role=\"button\"><span class=\"su-spoiler-icon\"><\/span>sin(60\u00b0)<\/div>\n<div class=\"su-spoiler-content su-u-clearfix su-u-trim\"> Hier kann man wieder den Komplement\u00e4rwinkelsatz verwenden, es gilt<\/p>\n<p>\\(\\displaystyle \\sin (90{}^\\circ -\\alpha )=\\cos (\\alpha )\\)<\/p>\n<p>Wir kennen den \\(\\displaystyle \\cos (30{}^\\circ )=\\frac{\\sqrt{3}}{2}\\), daher folgt<\/p>\n<p>\\(\\displaystyle \\sin (90{}^\\circ -30{}^\\circ )=\\sin(60{}^\\circ)=\\)<br \/>\n\\(\\displaystyle =\\cos (30{}^\\circ )=\\frac{\\sqrt{3}}{2}\\approx 0,8660254&#8230;\\)\n<\/p><\/div>\n<\/div>\n<div class=\"su-spoiler su-spoiler-style-fancy su-spoiler-icon-plus su-spoiler-closed\" data-scroll-offset=\"0\" data-anchor-in-url=\"no\">\n<div class=\"su-spoiler-title\" tabindex=\"0\" role=\"button\"><span class=\"su-spoiler-icon\"><\/span>tan(60\u00b0)<\/div>\n<div class=\"su-spoiler-content su-u-clearfix su-u-trim\"> Genau so wie zuvor berechnet sich der \\(\\displaystyle \\tan (60{}^\\circ )\\) zu<\/p>\n<p>\\(\\displaystyle \\tan (60{}^\\circ )=\\frac{{\\sin (60{}^\\circ )}}{{\\cos (60{}^\\circ )}}=\\frac{{\\frac{{\\sqrt{3}}}{2}}}{{\\frac{1}{2}}}=\\)<br \/>\n\\(\\displaystyle =\\frac{{2\\cdot \\sqrt{3}}}{{1\\cdot 2}}=\\sqrt{3}\\approx 1.73205&#8230;\\)\n<\/p><\/div>\n<\/div>\n<div class=\"su-spoiler su-spoiler-style-fancy su-spoiler-icon-plus su-spoiler-closed\" data-scroll-offset=\"0\" data-anchor-in-url=\"no\">\n<div class=\"su-spoiler-title\" tabindex=\"0\" role=\"button\"><span class=\"su-spoiler-icon\"><\/span>sin(45\u00b0) &amp; cos(45\u00b0)<\/div>\n<div class=\"su-spoiler-content su-u-clearfix su-u-trim\"> F\u00fcr \\(\\displaystyle \\alpha =45{}^\\circ \\) sind im Einheitskreis beide Katheten gleich lang sind, man kann den \\(\\cos(\\alpha)\\) durch den \\(\\sin(\\alpha)\\) ersetzen (oder umgekehrt) und erh\u00e4lt<\/p>\n<p>\\(\\displaystyle {{\\sin }^{2}}(45{}^\\circ)+{{\\sin }^{2}}(45{}^\\circ )=1\\)<br \/>\n\\(\\displaystyle \\Rightarrow 2\\cdot {{\\sin }^{2}}(45{}^\\circ )=1\\)<br \/>\n\\(\\Rightarrow \\quad {{\\sin }^{2}}(45{}^\\circ )=\\frac{1}{2}\\)<\/p>\n<p>\\(\\displaystyle \\sin (45{}^\\circ )=\\sqrt{{\\frac{1}{2}}}=\\frac{1}{{\\sqrt{2}}}=\\)<br \/>\n\\(\\displaystyle =\\frac{1}{{\\sqrt{2}}}\\cdot \\frac{{\\sqrt{2}}}{{\\sqrt{2}}}=\\)<br \/>\n\\(\\displaystyle =\\frac{{\\sqrt{2}}}{2}=\\cos (45{}^\\circ )\\)<\/p>\n<\/div>\n<\/div>\n<div class=\"su-spoiler su-spoiler-style-fancy su-spoiler-icon-plus su-spoiler-closed\" data-scroll-offset=\"0\" data-anchor-in-url=\"no\">\n<div class=\"su-spoiler-title\" tabindex=\"0\" role=\"button\"><span class=\"su-spoiler-icon\"><\/span>tan(45\u00b0)<\/div>\n<div class=\"su-spoiler-content su-u-clearfix su-u-trim\"> Schlie\u00dflich folgt noch aus<\/p>\n<p>\\(\\displaystyle \\tan \\alpha =\\frac{{\\sin \\alpha }}{{\\cos \\alpha }}\\)<\/p>\n<p>\\(\\displaystyle \\tan (45{}^\\circ )=\\frac{{\\sin (45{}^\\circ )}}{{\\cos (45{}^\\circ )}}=\\frac{{\\frac{{\\sqrt{2}}}{2}}}{{\\frac{{\\sqrt{2}}}{2}}}=1\\)<\/p>\n<\/div>\n<\/div>\n<\/div>\n<p>Wir haben nun alle wichtigen Werte im \\(I.\\, Quadranten\\) hergeleitet.<\/p>\n<div style=\"overflow-x: auto;\">\n<table>\n<tbody>\n<tr>\n<th style=\"text-align: center; font-weight: bold;\">Winkel<\/th>\n<th style=\"text-align: center; font-weight: bold;\">sin<\/th>\n<th style=\"text-align: center; font-weight: bold;\">cos<\/th>\n<th style=\"text-align: center; font-weight: bold;\">tan<\/th>\n<\/tr>\n<tr>\n<td style=\"text-align: center; font-weight: bold;\">30\u00b0<\/td>\n<td style=\"text-align: center;\">\\(\\frac{1}{2}\\)<\/td>\n<td style=\"text-align: center;\">\\(\\frac{\\sqrt{3}}{2}\\)<\/td>\n<td style=\"text-align: center;\">\\(\\frac{1}{\\sqrt{3}}\\)<\/td>\n<\/tr>\n<tr>\n<td style=\"text-align: center; font-weight: bold;\">45\u00b0<\/td>\n<td style=\"text-align: center;\">\\(\\frac{\\sqrt{2}}{2}\\)<\/td>\n<td style=\"text-align: center;\">\\(\\frac{\\sqrt{2}}{2}\\)<\/td>\n<td style=\"text-align: center;\">\\(1\\)<\/td>\n<\/tr>\n<tr>\n<td style=\"text-align: center; font-weight: bold;\">60\u00b0<\/td>\n<td style=\"text-align: center;\">\\(\\frac{\\sqrt{3}}{2}\\)<\/td>\n<td style=\"text-align: center;\">\\(\\frac{1}{2}\\)<\/td>\n<td style=\"text-align: center;\">\\(\\sqrt{3}\\)<\/td>\n<\/tr>\n<\/tbody>\n<\/table>\n<\/div>\n<p>Die entsprechenden Werte in den anderen Quadranten ergeben sich durch Symmetrie und dem Komplenment\u00e4r- bzw. Supplement\u00e4rwinkelsatz. Eine Tabelle mit wichtigsten Winkeln kann <a href=\"https:\/\/www.hcgreier.at\/nachhilfe\/wp-content\/uploads\/2016\/10\/Wertetabelle-wichtiger-Winkel-f\u00fcr-SinusCosinusTangens.pdf\" target=\"_blank\">hier heruntergeladen werden<\/a>.<\/p>\n","protected":false},"excerpt":{"rendered":"<p>Nachstehend wird gezeigt, wie man sich f\u00fcr h\u00e4ufig vorkommende Winkelwerte wie z.B. \\(30^{\\circ}, 45^{\\circ}, 60^{\\circ}\\) die entsprechenden Sinus-, Cosinus- und Tangenswerte herleiten kann. Beginnen wir mit dem Sinus von \\(\\displaystyle 30{}^\\circ \\). Der \\(\\sin(30^{\\circ})\\) eignet sich sehr sch\u00f6n zur grafischen&hellip;<\/p>\n<p class=\"more-link-p\"><a class=\"more-link\" href=\"https:\/\/www.hcgreier.at\/nachhilfe\/sinus-cosinus-und-tangens-haeufiger-winkel\/\">Read more &rarr;<\/a><\/p>\n","protected":false},"author":1,"featured_media":0,"parent":0,"menu_order":0,"comment_status":"closed","ping_status":"closed","template":"","meta":{"footnotes":""},"_links":{"self":[{"href":"https:\/\/www.hcgreier.at\/nachhilfe\/wp-json\/wp\/v2\/pages\/2418"}],"collection":[{"href":"https:\/\/www.hcgreier.at\/nachhilfe\/wp-json\/wp\/v2\/pages"}],"about":[{"href":"https:\/\/www.hcgreier.at\/nachhilfe\/wp-json\/wp\/v2\/types\/page"}],"author":[{"embeddable":true,"href":"https:\/\/www.hcgreier.at\/nachhilfe\/wp-json\/wp\/v2\/users\/1"}],"replies":[{"embeddable":true,"href":"https:\/\/www.hcgreier.at\/nachhilfe\/wp-json\/wp\/v2\/comments?post=2418"}],"version-history":[{"count":0,"href":"https:\/\/www.hcgreier.at\/nachhilfe\/wp-json\/wp\/v2\/pages\/2418\/revisions"}],"wp:attachment":[{"href":"https:\/\/www.hcgreier.at\/nachhilfe\/wp-json\/wp\/v2\/media?parent=2418"}],"curies":[{"name":"wp","href":"https:\/\/api.w.org\/{rel}","templated":true}]}}