{"id":1297,"date":"2015-10-28T13:05:32","date_gmt":"2015-10-28T12:05:32","guid":{"rendered":"https:\/\/www.hcgreier.at\/nachhilfe\/?page_id=1297"},"modified":"2015-10-29T20:31:22","modified_gmt":"2015-10-29T19:31:22","slug":"quadratische-gleichungen-loesen","status":"publish","type":"page","link":"https:\/\/www.hcgreier.at\/nachhilfe\/quadratische-gleichungen-loesen\/","title":{"rendered":"Quadratische Gleichungen l\u00f6sen"},"content":{"rendered":"<p>Einfache <a href=\"https:\/\/www.hcgreier.at\/nachhilfe\/lineare-gleichungen\/\" target=\"_blank\">lineare Gleichungen<\/a> kennt man noch aus der Unterstufe. Meistens kommt darin ein unbekannter Faktor \\(\\displaystyle x\\) vor, und man sollte die Gleichung &#8222;aufl\u00f6sen&#8220;, um an den Wert von diesem \\(\\displaystyle x\\) zu kommen.<\/p>\n<p>\\(\\displaystyle 4x-7=5\\)<\/p>\n<p>Man bringt die 7 auf die rechte Seite, indem man auf beiden Seiten \\(\\displaystyle +7\\) addiert:<\/p>\n<p>\\(\\displaystyle 4x=12\\)<\/p>\n<p>Dann dividiert man durch den Faktor \\(\\displaystyle 4\\), denn man will ja \\(\\displaystyle x\\) berechnen und nicht \\(\\displaystyle 4\\cdot x\\) und erh\u00e4lt<\/p>\n<p>\\(\\displaystyle x=3\\)<\/p>\n<p>So weit, so einfach. Was tut man, wenn in der Gleichung das \\(\\displaystyle x\\) mit der 2. Potenz, also quadratisch auftaucht?<\/p>\n<p>Als Beispiel: \\(\\displaystyle 4{{x}^{2}}-7x=2\\)<\/p>\n<p>Nun kann man nicht mehr mit einfachem Umgruppieren das \\(\\displaystyle x\\) ermitteln, denn es kommt in der Gleichung als \\(\\displaystyle x^2\\) und als \\(\\displaystyle x\\) vor, neben ein paar konstanten Zahlen. Man kann aber zumindest die Gleichung so umformen, dass auf der rechten Seite eine Null steht:<\/p>\n<p>\\(\\begin{align}4{{x}^{2}}-7x &amp; =2\\quad \\quad |\\,-2\\\\4{{x}^{2}}-7x-2 &amp; =0\\end{align}\\)<\/p>\n<p>Was hier steht nennt man eine <strong>quadratische Gleichung<\/strong>. Die h\u00f6chste Potenz, mit der \\(\\displaystyle x\\) vorkommt, ist die 2, also \\(\\displaystyle x^2\\). Weiters kommt \\(\\displaystyle x\\) noch in der 1. Potenz vor, also als \\(\\displaystyle x\\) selbst, der Rest sind konstante Zahlen, und auf der rechten Seite der Gleichung steht die \\(\\displaystyle 0\\).<\/p>\n<p>Man kann nun verschiedene Werte f\u00fcr\u00a0\\(\\displaystyle x\\) in die Gleichung einsetzen und eine <strong>Wertetabelle<\/strong> erstellen:<\/p>\n<table id=\"tablepress-5\" class=\"tablepress tablepress-id-5\">\n<thead>\n<tr class=\"row-1\">\n<th class=\"column-1\"><strong>x<\/strong><\/th>\n<th class=\"column-2\"><strong>Wert<\/strong><\/th>\n<\/tr>\n<\/thead>\n<tbody class=\"row-striping row-hover\">\n<tr class=\"row-2\">\n<td class=\"column-1\">-2<\/td>\n<td class=\"column-2\">28<\/td>\n<\/tr>\n<tr class=\"row-3\">\n<td class=\"column-1\">-1<\/td>\n<td class=\"column-2\">9<\/td>\n<\/tr>\n<tr class=\"row-4\">\n<td class=\"column-1\">0<\/td>\n<td class=\"column-2\">-2<\/td>\n<\/tr>\n<tr class=\"row-5\">\n<td class=\"column-1\">1<\/td>\n<td class=\"column-2\">-5<\/td>\n<\/tr>\n<tr class=\"row-6\">\n<td class=\"column-1\">2<\/td>\n<td class=\"column-2\">0<\/td>\n<\/tr>\n<tr class=\"row-7\">\n<td class=\"column-1\">3<\/td>\n<td class=\"column-2\">13<\/td>\n<\/tr>\n<\/tbody>\n<\/table>\n<p><!-- #tablepress-5 from cache --><\/p>\n<p><a href=\"https:\/\/www.hcgreier.at\/nachhilfe\/wp-content\/uploads\/2015\/10\/quadr_glg_loesen_bsp.png\"><img loading=\"lazy\" decoding=\"async\" class=\"wp-image-1317 alignright\" src=\"https:\/\/www.hcgreier.at\/nachhilfe\/wp-content\/uploads\/2015\/10\/quadr_glg_loesen_bsp.png\" alt=\"Quadratische Gleichung l\u00f6sen\" width=\"400\" height=\"282\" \/><\/a>Wenn man diese Punkte in einem x-y-Koordinatensystem eintr\u00e4gt, ergibt sich die nebenstehende Kurve. Diese Kurvenform nennt man eine <strong>Parabel<\/strong>, sie ist typisch f\u00fcr quadratische Gleichungen.<\/p>\n<p>Wenn wir uns die quadratische Gleichung genau ansehen, steht auf der rechten Seite eine Null. Das bedeutet, wenn wir die Gleichung f\u00fcr \\(\\displaystyle x\\) l\u00f6sen, erhalten wir jene Punkte auf der Kurve, die auf der x-Achse liegen, also keinen senkrechten Abstand (y-Wert = 0) besitzen. Diese Punkte nennt man die <strong>Nullstellen<\/strong> der quadratischen Gleichung. In unserem Fall schneidet die Parabel die (waagrechte) x-Achse zweimal, also erwarten wir, das es zwei x-Werte geben wird, bei denen dies der Fall ist, also zwei Nullstellen.<a name=\"mitternachtsformel\"><\/a><\/p>\n<blockquote><p>Das <em>L\u00f6sen<\/em> einer quadratischen Gleichung bedeutet also, dass man die <em>Nullstellen<\/em> dieser Gleichung sucht.<\/p><\/blockquote>\n<h2>L\u00f6sung der quadratischen Gleichung<\/h2>\n<p>Nat\u00fcrlich haben sich schon viele Mathematiker vor Jahrhunderten dar\u00fcber den Kopf zerbrochen, wie man so ein Problem l\u00f6sen kann. Man hat zwei Standard-Formeln entwickelt, die nur mit den Zahlen in der Gleichung \u2013 den <strong>Koeffizienten<\/strong> \u2013 auskommen. Eine dieser Formeln lautet<\/p>\n<p>\\(\\displaystyle \\large{{{x}_{{1,2}}}=\\frac{{-b\\pm \\sqrt{{{{b}^{2}}-4\\cdot a\\cdot c}}}}{{2\\cdot a}}}\\)<\/p>\n<p>Man bezeichnet diese Formel oft als <strong>&#8222;Mitternachtsformel&#8220;<\/strong>. In dieser Formel bezeichnen die Faktoren \\(\\displaystyle a,\\,b,\\,c\\) die Zahlen, die in der Gleichung vorkommen, und zwar ist<\/p>\n<ul>\n<li>\\(\\displaystyle a\\) der Faktor vor dem \\(\\displaystyle x^2\\)<\/li>\n<li>\\(\\displaystyle b\\) der Faktor vor dem \\(\\displaystyle x\\)<\/li>\n<li>\\(\\displaystyle c\\) der Faktor, der alleine steht und kein \\(\\displaystyle x\\) enth\u00e4lt<\/li>\n<\/ul>\n<p><strong>Die Vorzeichen dieser Koeffizienten muss man ebenfalls beachten!<\/strong><\/p>\n<p>In unserem Fall haben wir die Gleichung<\/p>\n<p>\\(\\displaystyle 4{{x}^{2}}-7x-2=0\\),\u00a0 also sind die Koeffizienten hier<\/p>\n<ul>\n<li>\\(\\displaystyle a=4\\)<\/li>\n<li>\\(\\displaystyle b=-7\\)<\/li>\n<li>\\(\\displaystyle c=-2\\)<\/li>\n<\/ul>\n<p>Setzten wir diese Werte in die Mitternachtsformel ein, erhalten wir<\/p>\n<p>\\(\\displaystyle \\begin{array}{l}{{x}_{{1,2}}}=\\frac{{-(-7)\\pm \\sqrt{{{{{(-7)}}^{2}}-4\\cdot 4\\cdot (-2)}}}}{{2\\cdot 4}}\\\\{{x}_{{1,2}}}=\\frac{{+7\\pm \\sqrt{{49-(-32)}}}}{8}\\\\{{x}_{{1,2}}}=\\frac{{7\\pm \\sqrt{{81}}}}{8}\\\\{{x}_{{1,2}}}=\\frac{{7\\pm 9}}{8}\\end{array}\\)<\/p>\n<p>Das \\(x_{1,2}\\) bedeutet: Den ersten Wert \\(\\displaystyle x_{1}\\) erh\u00e4lt man, wenn man in der Formel das \\(\\displaystyle +\\) nimmt, und den zweiten Wert \\(\\displaystyle x_{2}\\) erh\u00e4lt man, wenn man in der Formel das \\(\\displaystyle -\\) nimmt, also<\/p>\n<p>\\(\\displaystyle \\begin{array}{l}{{x}_{1}}=\\frac{{7+9}}{8}=\\frac{{16}}{8}=2\\\\{{x}_{2}}=\\frac{{7-9}}{8}=\\frac{{-2}}{8}=-\\frac{1}{4}\\end{array}\\)<\/p>\n<p>Wir haben beide Werte f\u00fcr \\(\\displaystyle x\\) und damit die beiden Nullstellen \\(\\displaystyle {{N}_{1}},\\,{{N}_{2}}\\) der Gleichung berechnet:<\/p>\n<p>\\(\\displaystyle \\begin{array}{l}{{N}_{1}}=\\left( {2|0} \\right)\\\\{{N}_{2}}=\\left( {-\\frac{1}{4}|0} \\right)\\end{array}\\)<\/p>\n<p><a name=\"pqformel\"><\/a>Tats\u00e4chlich sehen wir im obigen Graphen der Gleichung, dass die Parabel die x-Achse in diesen Punkten schneidet.<\/p>\n<hr \/>\n<p>Es gibt noch eine weitere, einfachere Formel, um quadratische Gleichungen zu l\u00f6sen. Diese Gleichung kann jedoch nur angewendet werden, wenn der Faktor \\(\\displaystyle a\\) vor dem \\(\\displaystyle x^2\\) gleich \\(\\displaystyle 1\\) ist!<\/p>\n<p>Die Formel wird oft als <strong>&#8222;p-q-Formel&#8220;<\/strong> bezeichnet und lautet<\/p>\n<p>\\(\\displaystyle \\large{{{x}_{{1,2}}}=-\\frac{p}{2}\\pm \\sqrt{{{{{\\left( {\\frac{p}{2}} \\right)}}^{2}}-q}}}\\)<\/p>\n<p>Die quadratische Gleichung muss dazu die Form<\/p>\n<p>\\(\\displaystyle {{x}^{2}}+p\\cdot x+q=0\\)<\/p>\n<p>haben, also der Faktor vor dem \\(\\displaystyle x^2\\) muss eine \\(\\displaystyle 1\\) sein!<\/p>\n<p>Die Faktoren \\(\\displaystyle p\\) und \\(\\displaystyle q\\) bezeichnen darin wieder die vorkommenden Zahlen:<\/p>\n<ul>\n<li>\\(\\displaystyle p\\) ist der Faktor vor dem \\(\\displaystyle x\\)<\/li>\n<li>\\(\\displaystyle q\\) ist der Faktor, der alleine steht und kein \\(\\displaystyle x\\) enth\u00e4lt<\/li>\n<li>Vor dem \\(\\displaystyle x^2\\) darf nur der Faktor \\(\\displaystyle 1\\) stehen, um diese Formel zu verwenden!<\/li>\n<\/ul>\n<p>Unsere vorheriges Beispiel k\u00f6nnen wir also mit dieser &#8222;<strong>p-q-Formel<\/strong>&#8220; nicht l\u00f6sen, weil der Faktor vor dem \\(\\displaystyle x^2\\) eine \\(\\displaystyle 4\\) war, und nicht \\(\\displaystyle 1\\)!<\/p>\n<p>Das folgende Beispiel kann aber mit der &#8222;<strong>p-q-Formel<\/strong>&#8220; gel\u00f6st werden.<\/p>\n<div class=\"beispiel\">Beispiel<\/div>\n<div class=\"bsp_angabe\">\n<p>L\u00f6se die quadratische Gleichung<\/p>\n<p>\\(\\displaystyle {{x}^{2}}-3x=4\\)<\/p>\n<\/div>\n<div class=\"sp-wrap sp-wrap-default\">\n<div class=\"sp-head\" title=\"Erweitern\">\nL\u00f6sung\n<\/div>\n<div class=\"sp-body folded\">\n<p>Zuerst bringen wir die Gleichung in die Form, dass rechts eine Null steht:<\/p>\n<p>\\(\\displaystyle \\begin{align}{{x}^{2}}-3x &amp; =4\\quad \\quad |-4\\\\{{x}^{2}}-3x-4 &amp; =0\\end{align}\\)<\/p>\n<p>Wir erkennen, dass vor dem \\(\\displaystyle x^2\\) der Faktor \\(\\displaystyle 1\\) steht, also k\u00f6nnen wir die Gleichung mit der einfacheren &#8222;<strong>p-q-Formel<\/strong>&#8220; l\u00f6sen.<\/p>\n<p>\\(\\displaystyle \\large{{{x}_{{1,2}}}=-\\frac{p}{2}\\pm \\sqrt{{{{{\\left( {\\frac{p}{2}} \\right)}}^{2}}-q}}}\\)<\/p>\n<p>Wir erkennen<\/p>\n<ul>\n<li>\\(\\displaystyle p=-3\\)<\/li>\n<li>\\(\\displaystyle q=-4\\)<\/li>\n<\/ul>\n<p>Einsetzen in die Formel liefert (aufpassen auf die Vorzeichen!)<\/p>\n<p>\\(\\displaystyle \\begin{array}{l}{{x}_{{1,2}}}=-\\frac{{(-3)}}{2}\\pm \\sqrt{{{{{\\left( {\\frac{{-3}}{2}} \\right)}}^{2}}-(-4)}}\\\\{{x}_{{1,2}}}=\\frac{3}{2}\\pm \\sqrt{{\\frac{9}{4}+4}}\\\\{{x}_{{1,2}}}=\\frac{3}{2}\\pm \\sqrt{{\\frac{9}{4}+\\frac{{16}}{4}}}\\\\{{x}_{{1,2}}}=\\frac{3}{2}\\pm \\sqrt{{\\frac{{25}}{4}}}\\\\{{x}_{{1,2}}}=\\frac{3}{2}\\pm \\frac{5}{2}\\end{array}\\)<\/p>\n<p><a href=\"https:\/\/www.hcgreier.at\/nachhilfe\/wp-content\/uploads\/2015\/10\/quadr_glg_loesen_bsp2.png\"><img loading=\"lazy\" decoding=\"async\" class=\"alignright wp-image-1344 size-medium\" title=\"Quadratische Gleichung Bsp. 2\" src=\"https:\/\/www.hcgreier.at\/nachhilfe\/wp-content\/uploads\/2015\/10\/quadr_glg_loesen_bsp2-300x207.png\" alt=\"Quadratische Gleichung Bsp. 2\" width=\"300\" height=\"207\" srcset=\"https:\/\/www.hcgreier.at\/nachhilfe\/wp-content\/uploads\/2015\/10\/quadr_glg_loesen_bsp2-300x207.png 300w, https:\/\/www.hcgreier.at\/nachhilfe\/wp-content\/uploads\/2015\/10\/quadr_glg_loesen_bsp2.png 820w\" sizes=\"(max-width: 300px) 100vw, 300px\" \/><\/a>Wir erhalten also die beiden L\u00f6sungen<\/p>\n<p>\\(\\displaystyle \\begin{array}{l}{{x}_{1}}=\\frac{3}{2}+\\frac{5}{2}=\\frac{8}{2}=4\\\\{{x}_{2}}=\\frac{3}{2}-\\frac{5}{2}=-\\frac{2}{2}=-1\\end{array}\\)<\/p>\n<p>Die Nullstellen dieser Gleichung liegen demnach bei<\/p>\n<p>\\(\\displaystyle \\begin{array}{l}{{N}_{1}}=\\left( {4|0} \\right)\\\\{{N}_{2}}=\\left( {-1|0} \\right)\\end{array}\\)<\/p>\n<p>&nbsp;<\/p>\n<div class=\"spdiv\">[Einklappen]<\/div>\n<\/div>\n<\/div>\n<h2>Keine Nullstellen? Error?<\/h2>\n<p>Nat\u00fcrlich kann es auch vorkommen, dass die Koeffizienten der quadratischen Gleichung, wenn man sie in die Formeln einsetzt, keine Nullstellen (L\u00f6sungen) liefern. Das ist dann der Fall, wenn unter der Wurzel in der Formel negative Zahlen auftauchen. Aus einer negativen Zahl l\u00e4sst sich bekanntlich keine (reelle) Quadratwurzel ziehen! Mehr dazu unter \u21d2 <a href=\"#\">Diskriminante der Mitternachtsformel<\/a>.<\/p>\n","protected":false},"excerpt":{"rendered":"<p>Einfache lineare Gleichungen kennt man noch aus der Unterstufe. Meistens kommt darin ein unbekannter Faktor \\(\\displaystyle x\\) vor, und man sollte die Gleichung &#8222;aufl\u00f6sen&#8220;, um an den Wert von diesem \\(\\displaystyle x\\) zu kommen. \\(\\displaystyle 4x-7=5\\) Man bringt die 7&hellip;<\/p>\n<p class=\"more-link-p\"><a class=\"more-link\" href=\"https:\/\/www.hcgreier.at\/nachhilfe\/quadratische-gleichungen-loesen\/\">Read more &rarr;<\/a><\/p>\n","protected":false},"author":1,"featured_media":0,"parent":0,"menu_order":0,"comment_status":"closed","ping_status":"closed","template":"","meta":{"footnotes":""},"_links":{"self":[{"href":"https:\/\/www.hcgreier.at\/nachhilfe\/wp-json\/wp\/v2\/pages\/1297"}],"collection":[{"href":"https:\/\/www.hcgreier.at\/nachhilfe\/wp-json\/wp\/v2\/pages"}],"about":[{"href":"https:\/\/www.hcgreier.at\/nachhilfe\/wp-json\/wp\/v2\/types\/page"}],"author":[{"embeddable":true,"href":"https:\/\/www.hcgreier.at\/nachhilfe\/wp-json\/wp\/v2\/users\/1"}],"replies":[{"embeddable":true,"href":"https:\/\/www.hcgreier.at\/nachhilfe\/wp-json\/wp\/v2\/comments?post=1297"}],"version-history":[{"count":0,"href":"https:\/\/www.hcgreier.at\/nachhilfe\/wp-json\/wp\/v2\/pages\/1297\/revisions"}],"wp:attachment":[{"href":"https:\/\/www.hcgreier.at\/nachhilfe\/wp-json\/wp\/v2\/media?parent=1297"}],"curies":[{"name":"wp","href":"https:\/\/api.w.org\/{rel}","templated":true}]}}