{"id":1216,"date":"2015-10-27T17:28:14","date_gmt":"2015-10-27T16:28:14","guid":{"rendered":"https:\/\/www.hcgreier.at\/nachhilfe\/?page_id=1216"},"modified":"2017-10-26T02:34:21","modified_gmt":"2017-10-26T00:34:21","slug":"beispiel-seiten","status":"publish","type":"page","link":"https:\/\/www.hcgreier.at\/nachhilfe\/beispiel-seiten\/","title":{"rendered":"Beispiel-Seiten"},"content":{"rendered":"<p>In dieser Zusammenstellung kann man sich einen schnellen \u00dcberblick verschaffen, wie die Online-Hilfe aufgebaut ist und wie der Sch\u00fcler die Musteraufgaben durcharbeiten und nachvollziehen kann. Die Seiten sind nat\u00fcrlich niemals vollst\u00e4ndig, dazu sind die Themengebiete <em>Mathematik\/Physik<\/em> viel zu umfangreich. Man kann sich aber einen Eindruck verschaffen, wie die verschiedenen Teilgebiete vermittelt werden und wie die Qualit\u00e4t der Arbeitsbl\u00e4tter aussieht.<\/p>\n<p>Auf manchen Seiten wird auch interaktives Material mittels \u21d2 <a href=\"https:\/\/www.geogebra.org\/\" target=\"_blank\">GeoGebra<\/a> pr\u00e4sentiert. Sie m\u00fcssen daf\u00fcr im Browser Java-Applets bzw. JavaScript zulassen. Falls bei einem interaktiven Beispiel nur eine Grafik erscheint, kann man auf diese Grafik klicken und das notwendige Plugin installieren.<\/p>\n<h2>Auswahl-Beispiele einiger Teilgebiete<\/h2>\n<p>Die nachstehenden Beispiele sind zum gr\u00f6\u00dften Teil aus Haus\u00fcbungsbeispielen der Sch\u00fcler hervorgegangen und wurden hier als Muster-Beispiele eingebunden. Manche Kapitel besch\u00e4ftigen sich auch mit den theoretischen Vor\u00fcberlegungen, die f\u00fcr ein bestimmtes Teilgebiet notwendig sind.<\/p>\n<ul>\n<li><strong>Lineare Funktionen<\/strong>\n<ul>\n<li><a href=\"https:\/\/www.hcgreier.at\/nachhilfe\/lineare-gleichungen\/\" target=\"_blank\">Lineare Gleichungen<\/a><\/li>\n<\/ul>\n<\/li>\n<li><strong>Quadratische Funktionen<\/strong>\n<ul>\n<li><a href=\"https:\/\/www.hcgreier.at\/nachhilfe\/allgemeine-quadratische-funktion\/\" target=\"_blank\">Allgemeine Quadratische Funktion<\/a><\/li>\n<li><a href=\"https:\/\/www.hcgreier.at\/nachhilfe\/quadratische-gleichungen-loesen\/\" target=\"_blank\">Quadratische Gleichungen l\u00f6sen<\/a><\/li>\n<li><a href=\"https:\/\/www.hcgreier.at\/nachhilfe\/nullstellen-und-scheitelpunkt\/\" target=\"_blank\">Nullstellen und Scheitelpunkt<\/a><\/li>\n<li><a href=\"https:\/\/www.hcgreier.at\/nachhilfe\/faktorisierung-von-quadratischen-funktionen\/\" target=\"_blank\">Faktorisierung quadratischer Funktionen<\/a><\/li>\n<\/ul>\n<\/li>\n<li><strong>Praktisches Rechnen<\/strong>\n<ul>\n<li><a href=\"https:\/\/www.hcgreier.at\/nachhilfe\/formeln-umstellen\/\" target=\"_blank\">Formeln umstellen<\/a><\/li>\n<li><a href=\"https:\/\/www.hcgreier.at\/nachhilfe\/partielles-wurzelziehen\/\" target=\"_blank\">Partielles Wurzelziehen<\/a><\/li>\n<li><a href=\"https:\/\/www.hcgreier.at\/nachhilfe\/lineare-gleichungen-mit-einer-unbekannten\/\">Lineare Gleichungen mit einer Unbekannten &#8211; Beispiele<\/a><\/li>\n<\/ul>\n<\/li>\n<li><strong>Geometrie\/Trigonometrie<\/strong>\n<ul>\n<li><a href=\"https:\/\/www.hcgreier.at\/nachhilfe\/sinus-cosinus-und-tangens-haeufiger-winkel\/\">Sinus, Cosinus und Tangens h\u00e4ufiger Winkel: Herleitung<\/a><\/li>\n<li><a href=\"https:\/\/www.hcgreier.at\/nachhilfe\/flaeche-von-grundstueck\/\">Fl\u00e4che von Grundst\u00fcck berechnen<\/a><\/li>\n<li><a href=\"https:\/\/www.hcgreier.at\/nachhilfe\/vorwaerts-einschneiden\/\">Vorw\u00e4rts Einschneiden<\/a><\/li>\n<li><a href=\"https:\/\/www.hcgreier.at\/nachhilfe\/rueckwaerts-einschneiden\/\">R\u00fcckw\u00e4rts Einschneiden<\/a><\/li>\n<li><a href=\"https:\/\/www.hcgreier.at\/nachhilfe\/raute-mit-inkreis\/\">Raute mit Inkreis<\/a><\/li>\n<li><a href=\"https:\/\/www.hcgreier.at\/nachhilfe\/1-summensatz-fuer-sinus-beweis\/\">1. Summensatz f\u00fcr Sinus &#8211; Beweis<\/a><\/li>\n<\/ul>\n<\/li>\n<li><strong>Vektorrechnung<\/strong>\n<ul>\n<li><a href=\"https:\/\/www.hcgreier.at\/nachhilfe\/gerade-in-der-ebene\/\">Geraden in der Ebene \\(\\mathbb{R}^2\\)<\/a><\/li>\n<li><a href=\"https:\/\/www.hcgreier.at\/nachhilfe\/abstand-windschiefer-geraden\/\" target=\"_blank\">Abstand windschiefer Geraden im Raum (Vektoren in \\({{\\mathbb{R}}^{3}}\\))<\/a><\/li>\n<\/ul>\n<\/li>\n<li><strong>Integralrechnung<\/strong>\n<ul>\n<li><a href=\"https:\/\/www.hcgreier.at\/nachhilfe\/integralrechnung\/\">Allgemeines<\/a><\/li>\n<li><a href=\"https:\/\/www.hcgreier.at\/nachhilfe\/bestimmtes-integral\/\" target=\"_blank\">Bestimmtes Integral<\/a><\/li>\n<\/ul>\n<\/li>\n<li><a href=\"https:\/\/www.hcgreier.at\/nachhilfe\/ortskurven\/\" target=\"_blank\">Ortskurven<\/a><\/li>\n<li>Die wichtigsten Ableitungs-Regeln &#8211; In Vorbereitung<\/li>\n<li>Kurvendiskussion &#8211; In Vorbereitung<\/li>\n<\/ul>\n<p>Die Liste wird st\u00e4ndig erweitert, um mit der Zeit mehrere mathematische Teilgebiete abzudecken.<\/p>\n","protected":false},"excerpt":{"rendered":"<p>In dieser Zusammenstellung kann man sich einen schnellen \u00dcberblick verschaffen, wie die Online-Hilfe aufgebaut ist und wie der Sch\u00fcler die Musteraufgaben durcharbeiten und nachvollziehen kann. Die Seiten sind nat\u00fcrlich niemals vollst\u00e4ndig, dazu sind die Themengebiete Mathematik\/Physik viel zu umfangreich. Man&hellip;<\/p>\n<p class=\"more-link-p\"><a class=\"more-link\" href=\"https:\/\/www.hcgreier.at\/nachhilfe\/beispiel-seiten\/\">Read more &rarr;<\/a><\/p>\n","protected":false},"author":1,"featured_media":0,"parent":0,"menu_order":0,"comment_status":"closed","ping_status":"closed","template":"","meta":{"footnotes":""},"_links":{"self":[{"href":"https:\/\/www.hcgreier.at\/nachhilfe\/wp-json\/wp\/v2\/pages\/1216"}],"collection":[{"href":"https:\/\/www.hcgreier.at\/nachhilfe\/wp-json\/wp\/v2\/pages"}],"about":[{"href":"https:\/\/www.hcgreier.at\/nachhilfe\/wp-json\/wp\/v2\/types\/page"}],"author":[{"embeddable":true,"href":"https:\/\/www.hcgreier.at\/nachhilfe\/wp-json\/wp\/v2\/users\/1"}],"replies":[{"embeddable":true,"href":"https:\/\/www.hcgreier.at\/nachhilfe\/wp-json\/wp\/v2\/comments?post=1216"}],"version-history":[{"count":0,"href":"https:\/\/www.hcgreier.at\/nachhilfe\/wp-json\/wp\/v2\/pages\/1216\/revisions"}],"wp:attachment":[{"href":"https:\/\/www.hcgreier.at\/nachhilfe\/wp-json\/wp\/v2\/media?parent=1216"}],"curies":[{"name":"wp","href":"https:\/\/api.w.org\/{rel}","templated":true}]}}